{"id":10,"date":"2023-10-20T13:51:20","date_gmt":"2023-10-20T11:51:20","guid":{"rendered":"https:\/\/blog.glasundbeschlag.de\/?page_id=10"},"modified":"2024-03-08T13:25:34","modified_gmt":"2024-03-08T12:25:34","slug":"anfrageformular-glaspendeltuer","status":"publish","type":"page","link":"https:\/\/www.glasundbeschlag.de\/beratung\/anfrageformular-glaspendeltuer\/","title":{"rendered":"ANFRAGEFORMULAR GLASPENDELT\u00dcR"},"content":{"rendered":"\n<div class=\"wpcf7 no-js\" id=\"wpcf7-f8-o1\" lang=\"de-DE\" dir=\"ltr\" data-wpcf7-id=\"8\">\n<div class=\"screen-reader-response\"><p role=\"status\" aria-live=\"polite\" aria-atomic=\"true\"><\/p> <ul><\/ul><\/div>\n<form action=\"\/beratung\/wp-json\/wp\/v2\/pages\/10#wpcf7-f8-o1\" method=\"post\" class=\"wpcf7-form init\" aria-label=\"Kontaktformular\" enctype=\"multipart\/form-data\" novalidate=\"novalidate\" data-status=\"init\">\n<fieldset class=\"hidden-fields-container\"><input type=\"hidden\" name=\"_wpcf7\" value=\"8\" \/><input type=\"hidden\" name=\"_wpcf7_version\" value=\"6.1.5\" \/><input type=\"hidden\" name=\"_wpcf7_locale\" value=\"de_DE\" \/><input type=\"hidden\" name=\"_wpcf7_unit_tag\" value=\"wpcf7-f8-o1\" \/><input type=\"hidden\" name=\"_wpcf7_container_post\" value=\"0\" \/><input type=\"hidden\" name=\"_wpcf7_posted_data_hash\" value=\"\" \/><input type=\"hidden\" name=\"_wpcf7cf_hidden_group_fields\" value=\"[]\" \/><input type=\"hidden\" name=\"_wpcf7cf_hidden_groups\" value=\"[]\" \/><input type=\"hidden\" name=\"_wpcf7cf_visible_groups\" value=\"[]\" \/><input type=\"hidden\" name=\"_wpcf7cf_repeaters\" value=\"[]\" \/><input type=\"hidden\" name=\"_wpcf7cf_steps\" value=\"{}\" \/><input type=\"hidden\" name=\"_wpcf7cf_options\" value=\"{&quot;form_id&quot;:8,&quot;conditions&quot;:[{&quot;then_field&quot;:&quot;GriffstangenpaarLnge&quot;,&quot;and_rules&quot;:[{&quot;if_field&quot;:&quot;glaspendeltuer-oeffnung&quot;,&quot;operator&quot;:&quot;equals&quot;,&quot;if_value&quot;:&quot;\\u00fcber ein Griffstangenpaar&quot;}]},{&quot;then_field&quot;:&quot;sonderfarben&quot;,&quot;and_rules&quot;:[{&quot;if_field&quot;:&quot;menu-farbe&quot;,&quot;operator&quot;:&quot;equals&quot;,&quot;if_value&quot;:&quot;Sonderfarben\\\/ Sondereloxal&quot;}]},{&quot;then_field&quot;:&quot;sonstigesglas&quot;,&quot;and_rules&quot;:[{&quot;if_field&quot;:&quot;glasausfuehrung&quot;,&quot;operator&quot;:&quot;equals&quot;,&quot;if_value&quot;:&quot;sonstiges Glas&quot;}]}],&quot;settings&quot;:{&quot;animation&quot;:&quot;yes&quot;,&quot;animation_intime&quot;:200,&quot;animation_outtime&quot;:200,&quot;conditions_ui&quot;:&quot;normal&quot;,&quot;notice_dismissed&quot;:false,&quot;notice_dismissed_rollback-cf7-5.8.6&quot;:true,&quot;notice_dismissed_rollback-cf7-5.8.7&quot;:true}}\" \/>\n<\/fieldset>\n<p><strong>Anfrageform Glaspendelt\u00fcr<\/strong><br \/>\n<strong>Wie soll die Glast\u00fcr eingesetzt werden?<\/strong><br \/>\n<span class=\"wpcf7-form-control-wrap\" data-name=\"wie-glastuer-einbau\"><select class=\"wpcf7-form-control wpcf7-select wpcf7-validates-as-required\" aria-required=\"true\" aria-invalid=\"false\" name=\"wie-glastuer-einbau\"><option value=\"--Bitte w\u00e4hlen--\">--Bitte w\u00e4hlen--<\/option><option value=\"seitlich im Mauerdurchgang \/ an einer Zarge o.\u00e4.\">seitlich im Mauerdurchgang \/ an einer Zarge o.\u00e4.<\/option><option value=\"seitlich eingelassen in Zarge \/ Holzrahmen\">seitlich eingelassen in Zarge \/ Holzrahmen<\/option><option value=\"seitlich befestigt an feststehndem, gerahmten Glasteil\">seitlich befestigt an feststehndem, gerahmten Glasteil<\/option><\/select><\/span>\n<\/p>\n<p><strong>Wie gro\u00df ist der vorhandene Durchgangsbereich?<\/strong><br \/>\n<strong>Breite<\/strong><br \/>\n<span class=\"wpcf7-form-control-wrap\" data-name=\"breite\"><input size=\"40\" maxlength=\"400\" class=\"wpcf7-form-control wpcf7-text wpcf7-validates-as-required\" aria-required=\"true\" aria-invalid=\"false\" value=\"\" type=\"text\" name=\"breite\" \/><\/span><br \/>\n<strong>H\u00f6he<\/strong><br \/>\n<span class=\"wpcf7-form-control-wrap\" data-name=\"hoehe\"><input size=\"40\" maxlength=\"400\" class=\"wpcf7-form-control wpcf7-text wpcf7-validates-as-required\" aria-required=\"true\" aria-invalid=\"false\" value=\"\" type=\"text\" name=\"hoehe\" \/><\/span>\n<\/p>\n<p><strong>Ist die Ausf\u00fchrung als mehrfl\u00fcgelige Pendelt\u00fcr gew\u00fcnscht?<\/strong><br \/>\n<span class=\"wpcf7-form-control-wrap\" data-name=\"pendeltuer\"><span class=\"wpcf7-form-control wpcf7-checkbox wpcf7-validates-as-required\"><span class=\"wpcf7-list-item first\"><label><input type=\"checkbox\" name=\"pendeltuer[]\" value=\"Ja\" \/><span class=\"wpcf7-list-item-label\">Ja<\/span><\/label><\/span><span class=\"wpcf7-list-item last\"><label><input type=\"checkbox\" name=\"pendeltuer[]\" value=\"Nein\" \/><span class=\"wpcf7-list-item-label\">Nein<\/span><\/label><\/span><\/span><\/span>\n<\/p>\n<p><strong>Ist die Ausf\u00fchrung mit einem Oberlicht oberhalb der Glaspendelt\u00fcr(en) gew\u00fcnscht?<\/strong><br \/>\n<span class=\"wpcf7-form-control-wrap\" data-name=\"pendeltuer-mit-oberlicht\"><span class=\"wpcf7-form-control wpcf7-checkbox wpcf7-validates-as-required\"><span class=\"wpcf7-list-item first\"><label><input type=\"checkbox\" name=\"pendeltuer-mit-oberlicht[]\" value=\"Ja\" \/><span class=\"wpcf7-list-item-label\">Ja<\/span><\/label><\/span><span class=\"wpcf7-list-item last\"><label><input type=\"checkbox\" name=\"pendeltuer-mit-oberlicht[]\" value=\"Nein\" \/><span class=\"wpcf7-list-item-label\">Nein<\/span><\/label><\/span><\/span><\/span>\n<\/p>\n<p><strong>Welche Glasausf\u00fchrung \/ Design w\u00fcnschen Sie<\/strong><br \/>\n<span class=\"wpcf7-form-control-wrap\" data-name=\"glasausfuehrung\"><select class=\"wpcf7-form-control wpcf7-select wpcf7-validates-as-required\" aria-required=\"true\" aria-invalid=\"false\" name=\"glasausfuehrung\"><option value=\"--- Bitte w\u00e4hlen ---\">--- Bitte w\u00e4hlen ---<\/option><option value=\"Klarglas\">Klarglas<\/option><option value=\"Weissglas (Klarglas ohne Eigenf\u00e4rbung)\">Weissglas (Klarglas ohne Eigenf\u00e4rbung)<\/option><option value=\"Klarglas farbig durchgef\u00e4rbt gr\u00fcn\">Klarglas farbig durchgef\u00e4rbt gr\u00fcn<\/option><option value=\"Klarglas farbig durchgef\u00e4rbt grau\">Klarglas farbig durchgef\u00e4rbt grau<\/option><option value=\"Klarglas farbig durchgef\u00e4rbt bronze\">Klarglas farbig durchgef\u00e4rbt bronze<\/option><option value=\"satiniertes Glas\">satiniertes Glas<\/option><option value=\"sonstiges Glas\">sonstiges Glas<\/option><\/select><\/span>\n<\/p>\n<div data-id=\"sonstigesglas\" data-orig_data_id=\"sonstigesglas\"  class=\"\" data-class=\"wpcf7cf_group\">\n\t<p><span class=\"wpcf7-form-control-wrap\" data-name=\"sonstigesglaxtext\"><input size=\"40\" maxlength=\"400\" class=\"wpcf7-form-control wpcf7-text\" aria-invalid=\"false\" value=\"\" type=\"text\" name=\"sonstigesglaxtext\" \/><\/span>\n\t<\/p>\n<\/div>\n<p>Gewinnen Sie <a href=\"https:\/\/www.glasundbeschlag.de\/glaeser.html\">HIER<\/a> einen \u00dcberblick zu unseren Gl\u00e4sern.\n<\/p>\n<p><strong>Wie m\u00f6chten Sie die Glaspendelt\u00fcr anfassen \/ \u00d6ffnen:<\/strong><br \/>\n<span class=\"wpcf7-form-control-wrap\" data-name=\"glaspendeltuer-oeffnung\"><select class=\"wpcf7-form-control wpcf7-select wpcf7-validates-as-required\" aria-required=\"true\" aria-invalid=\"false\" name=\"glaspendeltuer-oeffnung\"><option value=\"\u00fcber einen T\u00fcrknopf\">\u00fcber einen T\u00fcrknopf<\/option><option value=\"\u00fcber ein Griffstangenpaar\">\u00fcber ein Griffstangenpaar<\/option><\/select><\/span>\n<\/p>\n<div data-id=\"GriffstangenpaarLnge\" data-orig_data_id=\"GriffstangenpaarLnge\"  class=\"\" data-class=\"wpcf7cf_group\">\n\t<p><strong>Griffstangenpaar L\u00e4nge (ca.)*<\/strong><br \/>\n<span class=\"wpcf7-form-control-wrap\" data-name=\"griffstangenlaenge\"><input size=\"40\" maxlength=\"400\" class=\"wpcf7-form-control wpcf7-text\" aria-invalid=\"false\" value=\"\" type=\"text\" name=\"griffstangenlaenge\" \/><\/span>\n\t<\/p>\n<\/div>\n<p><strong>Welche Farbe sollen die Pendelt\u00fcrbeschl\u00e4ge haben?<\/strong><br \/>\n<span class=\"wpcf7-form-control-wrap\" data-name=\"menu-farbe\"><select class=\"wpcf7-form-control wpcf7-select\" aria-invalid=\"false\" name=\"menu-farbe\"><option value=\"--- Bitte w\u00e4hlen ---\">--- Bitte w\u00e4hlen ---<\/option><option value=\"EV1  (silberfarbig)\">EV1  (silberfarbig)<\/option><option value=\"Edelstahloptik\">Edelstahloptik<\/option><option value=\"Messing poliert (gold gl\u00e4nzend)\">Messing poliert (gold gl\u00e4nzend)<\/option><option value=\"weiss\">weiss<\/option><option value=\"Messing verchromt (Chromoptik)\">Messing verchromt (Chromoptik)<\/option><option value=\"Sonderfarben\/ Sondereloxal\">Sonderfarben\/ Sondereloxal<\/option><\/select><\/span>\n<\/p>\n<div data-id=\"sonderfarben\" data-orig_data_id=\"sonderfarben\"  class=\"\" data-class=\"wpcf7cf_group\">\n\t<p><strong>Sonderfarben:<\/strong><br \/>\n<span class=\"wpcf7-form-control-wrap\" data-name=\"text-sonderfarbe\"><input size=\"40\" maxlength=\"400\" class=\"wpcf7-form-control wpcf7-text\" aria-invalid=\"false\" value=\"\" type=\"text\" name=\"text-sonderfarbe\" \/><\/span>\n\t<\/p>\n<\/div>\n<p><strong>Anzahl der gew\u00fcnschten T\u00fcr<\/strong><br \/>\n<span class=\"wpcf7-form-control-wrap\" data-name=\"tueranzahl\"><input size=\"40\" maxlength=\"400\" class=\"wpcf7-form-control wpcf7-text wpcf7-validates-as-required\" aria-required=\"true\" aria-invalid=\"false\" value=\"\" type=\"text\" name=\"tueranzahl\" \/><\/span>\n<\/p>\n<p><strong>Zeichnung oder Bild uploaden<\/strong><br \/>\n<span class=\"wpcf7-form-control-wrap\" data-name=\"upload\"><input size=\"40\" class=\"wpcf7-form-control wpcf7-file\" accept=\"audio\/*,video\/*,image\/*\" aria-invalid=\"false\" type=\"file\" name=\"upload\" \/><\/span>\n<\/p>\n<p><strong>Pers\u00f6nliche Angaben<\/strong>\n<\/p>\n<p><label> Vorname Name*<br \/>\n<span class=\"wpcf7-form-control-wrap\" data-name=\"your-name\"><input size=\"40\" maxlength=\"400\" class=\"wpcf7-form-control wpcf7-text wpcf7-validates-as-required\" autocomplete=\"name\" aria-required=\"true\" aria-invalid=\"false\" value=\"\" type=\"text\" name=\"your-name\" \/><\/span> <\/label><br \/>\n<label> PLZ*<br \/>\n<span class=\"wpcf7-form-control-wrap\" data-name=\"plz\"><input size=\"40\" maxlength=\"400\" class=\"wpcf7-form-control wpcf7-text wpcf7-validates-as-required\" aria-required=\"true\" aria-invalid=\"false\" value=\"\" type=\"text\" name=\"plz\" \/><\/span> <\/label>\n<\/p>\n<p><label> Ort<br \/>\n<span class=\"wpcf7-form-control-wrap\" data-name=\"ort\"><input size=\"40\" maxlength=\"400\" class=\"wpcf7-form-control wpcf7-text\" aria-invalid=\"false\" value=\"\" type=\"text\" name=\"ort\" \/><\/span> <\/label>\n<\/p>\n<p><label>E-Mail*<br \/>\n<span class=\"wpcf7-form-control-wrap\" data-name=\"your-email\"><input size=\"40\" maxlength=\"400\" class=\"wpcf7-form-control wpcf7-email wpcf7-validates-as-required wpcf7-text wpcf7-validates-as-email\" autocomplete=\"email\" aria-required=\"true\" aria-invalid=\"false\" value=\"\" type=\"email\" name=\"your-email\" \/><\/span> <\/label>\n<\/p>\n<p><label>Telefon<br \/>\n<span class=\"wpcf7-form-control-wrap\" data-name=\"telefon\"><input size=\"40\" maxlength=\"400\" class=\"wpcf7-form-control wpcf7-tel wpcf7-text wpcf7-validates-as-tel\" autocomplete=\"tel\" aria-invalid=\"false\" value=\"\" type=\"tel\" name=\"telefon\" \/><\/span> <\/label>\n<\/p>\n<p><span id=\"wpcf7-69df1fd5aa452-wrapper\" class=\"wpcf7-form-control-wrap email-wrap\" style=\"display:none !important; visibility:hidden !important;\"><label for=\"wpcf7-69df1fd5aa452-field\" class=\"hp-message\">Bitte lasse dieses Feld leer.<\/label><input id=\"wpcf7-69df1fd5aa452-field\"  placeholder=\"Ihre Eingabe\"  class=\"wpcf7-form-control wpcf7-text\" type=\"text\" name=\"email\" value=\"\" size=\"40\" tabindex=\"-1\" autocomplete=\"new-password\" \/><\/span>\n<\/p>\n<p>Wir verwenden Ihre Daten ausschlie\u00dflich zur Kontaktaufnahme und Bearbeitung Ihres Anliegens und ggf. Erstellung eines Angebotes. Mit Absenden des Kontaktformulars willigen Sie ein, dass Ihre Daten f\u00fcr eventuelle R\u00fcckfragen elektronisch gespeichert und verarbeitet werden. Wir geben Ihre Daten nicht an Dritte weiter. Ihre Einwilligung k\u00f6nnen Sie jederzeit mit Wirkung f\u00fcr die Zukunft widerrufen. Bitte beachten Sie unsere <a href=\"https:\/\/www.glasundbeschlag.de\/datenschutz\/\">Datenschutzerkl\u00e4rung<\/a>.\n<\/p>\n<p><strong>Sicherheitsabfrage<\/strong><br \/>\n<div class=\"dscf7-captcha-container\"><input name=\"dscf7_hidden_val1-dscf7captcha-243\" id=\"dscf7_hidden_val1-dscf7captcha-243\" type=\"hidden\" value=\"2\" \/><input name=\"dscf7_hidden_val2-dscf7captcha-243\" id=\"dscf7_hidden_val2-dscf7captcha-243\" type=\"hidden\" value=\"9\" \/><input name=\"dscf7_hidden_action-dscf7captcha-243\" id=\"dscf7_hidden_action-dscf7captcha-243\" type=\"hidden\" value=\"+\" \/><div class=\"dscf7-question-container\"><span class=\"dscf7_lt\">What is 9 + 2 ? <a href=\"javascript:void(0)\" id=\"dscf7captcha-243\" class=\"dscf7_refresh_captcha\" aria-label=\"Refresh captcha\"><img decoding=\"async\" class=\"dscf7_captcha_icon\" src=\"https:\/\/www.glasundbeschlag.de\/beratung\/wp-content\/plugins\/ds-cf7-math-captcha\/assets\/img\/icons8-refresh-30.png\" alt=\"Refresh icon\"\/><img decoding=\"async\" class=\"dscf7_captcha_reload_icon\" src=\"https:\/\/www.glasundbeschlag.de\/beratung\/wp-content\/plugins\/ds-cf7-math-captcha\/assets\/img\/446bcd468478f5bfb7b4e5c804571392_w200.gif\" alt=\"Refreshing captcha\" style=\"display:none; width:30px\" \/><\/a><\/span><\/div><div class=\"dscf7-answer-container\"><label for=\"dscf7captcha-243-input\" class=\"screen-reader-text\">Answer for 9 + 2<\/label><span class=\"wpcf7-form-control-wrap\" data-name=\"dscf7captcha-243\"><input type=\"text\" id=\"dscf7captcha-243-input\" aria-label=\"Answer for 9 + 2\" class=\"wpcf7-form-control wpcf7-text\" size=\"5\" value=\"\" name=\"dscf7captcha-243\" placeholder=\"Antwort eingeben\" style=\"\" oninput=\"this.value = this.value.replace(\/[^0-9.]\/g, '').replace(\/(\\..*)\\.\/g, '$1');\"><\/span><input type=\"hidden\" name=\"ds_cf7_nonce\" value=\"1aa8fe79d0\"><\/div><\/div><br \/>\n<input class=\"wpcf7-form-control wpcf7-submit has-spinner\" type=\"submit\" value=\"Anfrage senden\" \/>\n<\/p><p style=\"display: none !important;\" class=\"akismet-fields-container\" data-prefix=\"_wpcf7_ak_\"><label>&#916;<textarea name=\"_wpcf7_ak_hp_textarea\" cols=\"45\" rows=\"8\" maxlength=\"100\"><\/textarea><\/label><input type=\"hidden\" id=\"ak_js_1\" name=\"_wpcf7_ak_js\" value=\"37\"\/><script>document.getElementById( \"ak_js_1\" ).setAttribute( \"value\", ( new Date() ).getTime() );<\/script><\/p><div class=\"wpcf7-response-output\" aria-hidden=\"true\"><\/div>\n<\/form>\n<\/div>\n\n","protected":false},"excerpt":{"rendered":"","protected":false},"author":1,"featured_media":0,"parent":0,"menu_order":0,"comment_status":"closed","ping_status":"closed","template":"","meta":{"site-sidebar-layout":"default","site-content-layout":"","ast-site-content-layout":"default","site-content-style":"default","site-sidebar-style":"default","ast-global-header-display":"","ast-banner-title-visibility":"","ast-main-header-display":"","ast-hfb-above-header-display":"","ast-hfb-below-header-display":"","ast-hfb-mobile-header-display":"","site-post-title":"","ast-breadcrumbs-content":"","ast-featured-img":"disabled","footer-sml-layout":"","theme-transparent-header-meta":"default","adv-header-id-meta":"","stick-header-meta":"","header-above-stick-meta":"","header-main-stick-meta":"","header-below-stick-meta":"","astra-migrate-meta-layouts":"set","ast-page-background-enabled":"default","ast-page-background-meta":{"desktop":{"background-color":"var(--ast-global-color-4)","background-image":"","background-repeat":"repeat","background-position":"center center","background-size":"auto","background-attachment":"scroll","background-type":"","background-media":"","overlay-type":"","overlay-color":"","overlay-opacity":"","overlay-gradient":""},"tablet":{"background-color":"","background-image":"","background-repeat":"repeat","background-position":"center center","background-size":"auto","background-attachment":"scroll","background-type":"","background-media":"","overlay-type":"","overlay-color":"","overlay-opacity":"","overlay-gradient":""},"mobile":{"background-color":"","background-image":"","background-repeat":"repeat","background-position":"center center","background-size":"auto","background-attachment":"scroll","background-type":"","background-media":"","overlay-type":"","overlay-color":"","overlay-opacity":"","overlay-gradient":""}},"ast-content-background-meta":{"desktop":{"background-color":"var(--ast-global-color-5)","background-image":"","background-repeat":"repeat","background-position":"center center","background-size":"auto","background-attachment":"scroll","background-type":"","background-media":"","overlay-type":"","overlay-color":"","overlay-opacity":"","overlay-gradient":""},"tablet":{"background-color":"var(--ast-global-color-5)","background-image":"","background-repeat":"repeat","background-position":"center center","background-size":"auto","background-attachment":"scroll","background-type":"","background-media":"","overlay-type":"","overlay-color":"","overlay-opacity":"","overlay-gradient":""},"mobile":{"background-color":"var(--ast-global-color-5)","background-image":"","background-repeat":"repeat","background-position":"center center","background-size":"auto","background-attachment":"scroll","background-type":"","background-media":"","overlay-type":"","overlay-color":"","overlay-opacity":"","overlay-gradient":""}},"footnotes":""},"class_list":["post-10","page","type-page","status-publish","hentry"],"yoast_head":"<!-- This site is optimized with the Yoast SEO plugin v27.4 - https:\/\/yoast.com\/product\/yoast-seo-wordpress\/ -->\n<title>ANFRAGEFORMULAR GLASPENDELT\u00dcR - Beratung und Informationen zu Glas und Beschlagstechnik<\/title>\n<meta name=\"description\" content=\"Glaspendelt\u00fcr in Standardgr\u00f6\u00dfen oder auf Wunsch nach Ma\u00df. Jetzt hier anfragen!\" \/>\n<meta name=\"robots\" content=\"index, follow, max-snippet:-1, max-image-preview:large, max-video-preview:-1\" \/>\n<link rel=\"canonical\" href=\"https:\/\/www.glasundbeschlag.de\/beratung\/anfrageformular-glaspendeltuer\/\" \/>\n<meta property=\"og:locale\" content=\"de_DE\" \/>\n<meta property=\"og:type\" content=\"article\" \/>\n<meta property=\"og:title\" content=\"ANFRAGEFORMULAR GLASPENDELT\u00dcR - Beratung und Informationen zu Glas und Beschlagstechnik\" \/>\n<meta property=\"og:description\" content=\"Glaspendelt\u00fcr in Standardgr\u00f6\u00dfen oder auf Wunsch nach Ma\u00df. Jetzt hier anfragen!\" \/>\n<meta property=\"og:url\" content=\"https:\/\/www.glasundbeschlag.de\/beratung\/anfrageformular-glaspendeltuer\/\" \/>\n<meta property=\"og:site_name\" content=\"Beratung und Informationen zu Glas und Beschlagstechnik\" \/>\n<meta property=\"article:publisher\" content=\"https:\/\/www.facebook.com\/glasundbeschlag.de\/\" \/>\n<meta property=\"article:modified_time\" content=\"2024-03-08T12:25:34+00:00\" \/>\n<meta name=\"twitter:card\" content=\"summary_large_image\" \/>\n<meta name=\"twitter:label1\" content=\"Gesch\u00e4tzte Lesezeit\" \/>\n\t<meta name=\"twitter:data1\" content=\"1\u00a0Minute\" \/>\n<script type=\"application\/ld+json\" class=\"yoast-schema-graph\">{\"@context\":\"https:\\\/\\\/schema.org\",\"@graph\":[{\"@type\":\"WebPage\",\"@id\":\"https:\\\/\\\/www.glasundbeschlag.de\\\/beratung\\\/anfrageformular-glaspendeltuer\\\/\",\"url\":\"https:\\\/\\\/www.glasundbeschlag.de\\\/beratung\\\/anfrageformular-glaspendeltuer\\\/\",\"name\":\"ANFRAGEFORMULAR GLASPENDELT\u00dcR - Beratung und Informationen zu Glas und Beschlagstechnik\",\"isPartOf\":{\"@id\":\"https:\\\/\\\/www.glasundbeschlag.de\\\/beratung\\\/#website\"},\"datePublished\":\"2023-10-20T11:51:20+00:00\",\"dateModified\":\"2024-03-08T12:25:34+00:00\",\"description\":\"Glaspendelt\u00fcr in Standardgr\u00f6\u00dfen oder auf Wunsch nach Ma\u00df. Jetzt hier anfragen!\",\"breadcrumb\":{\"@id\":\"https:\\\/\\\/www.glasundbeschlag.de\\\/beratung\\\/anfrageformular-glaspendeltuer\\\/#breadcrumb\"},\"inLanguage\":\"de\",\"potentialAction\":[{\"@type\":\"ReadAction\",\"target\":[\"https:\\\/\\\/www.glasundbeschlag.de\\\/beratung\\\/anfrageformular-glaspendeltuer\\\/\"]}]},{\"@type\":\"BreadcrumbList\",\"@id\":\"https:\\\/\\\/www.glasundbeschlag.de\\\/beratung\\\/anfrageformular-glaspendeltuer\\\/#breadcrumb\",\"itemListElement\":[{\"@type\":\"ListItem\",\"position\":1,\"name\":\"Home\",\"item\":\"https:\\\/\\\/www.glasundbeschlag.de\\\/beratung\\\/\"},{\"@type\":\"ListItem\",\"position\":2,\"name\":\"ANFRAGEFORMULAR GLASPENDELT\u00dcR\"}]},{\"@type\":\"WebSite\",\"@id\":\"https:\\\/\\\/www.glasundbeschlag.de\\\/beratung\\\/#website\",\"url\":\"https:\\\/\\\/www.glasundbeschlag.de\\\/beratung\\\/\",\"name\":\"Beratung und Informationen zu Glas und Beschlagstechnik\",\"description\":\"\",\"publisher\":{\"@id\":\"https:\\\/\\\/www.glasundbeschlag.de\\\/beratung\\\/#organization\"},\"potentialAction\":[{\"@type\":\"SearchAction\",\"target\":{\"@type\":\"EntryPoint\",\"urlTemplate\":\"https:\\\/\\\/www.glasundbeschlag.de\\\/beratung\\\/?s={search_term_string}\"},\"query-input\":{\"@type\":\"PropertyValueSpecification\",\"valueRequired\":true,\"valueName\":\"search_term_string\"}}],\"inLanguage\":\"de\"},{\"@type\":\"Organization\",\"@id\":\"https:\\\/\\\/www.glasundbeschlag.de\\\/beratung\\\/#organization\",\"name\":\"GLASundBESCHLAG.de GmbH\",\"url\":\"https:\\\/\\\/www.glasundbeschlag.de\\\/beratung\\\/\",\"logo\":{\"@type\":\"ImageObject\",\"inLanguage\":\"de\",\"@id\":\"https:\\\/\\\/www.glasundbeschlag.de\\\/beratung\\\/#\\\/schema\\\/logo\\\/image\\\/\",\"url\":\"https:\\\/\\\/www.glasundbeschlag.de\\\/beratung\\\/wp-content\\\/uploads\\\/gub-logo.png\",\"contentUrl\":\"https:\\\/\\\/www.glasundbeschlag.de\\\/beratung\\\/wp-content\\\/uploads\\\/gub-logo.png\",\"width\":640,\"height\":360,\"caption\":\"GLASundBESCHLAG.de GmbH\"},\"image\":{\"@id\":\"https:\\\/\\\/www.glasundbeschlag.de\\\/beratung\\\/#\\\/schema\\\/logo\\\/image\\\/\"},\"sameAs\":[\"https:\\\/\\\/www.facebook.com\\\/glasundbeschlag.de\\\/\",\"https:\\\/\\\/www.instagram.com\\\/glasundbeschlag.de\\\/\"]}]}<\/script>\n<!-- \/ Yoast SEO plugin. -->","yoast_head_json":{"title":"ANFRAGEFORMULAR GLASPENDELT\u00dcR - Beratung und Informationen zu Glas und Beschlagstechnik","description":"Glaspendelt\u00fcr in Standardgr\u00f6\u00dfen oder auf Wunsch nach Ma\u00df. Jetzt hier anfragen!","robots":{"index":"index","follow":"follow","max-snippet":"max-snippet:-1","max-image-preview":"max-image-preview:large","max-video-preview":"max-video-preview:-1"},"canonical":"https:\/\/www.glasundbeschlag.de\/beratung\/anfrageformular-glaspendeltuer\/","og_locale":"de_DE","og_type":"article","og_title":"ANFRAGEFORMULAR GLASPENDELT\u00dcR - Beratung und Informationen zu Glas und Beschlagstechnik","og_description":"Glaspendelt\u00fcr in Standardgr\u00f6\u00dfen oder auf Wunsch nach Ma\u00df. Jetzt hier anfragen!","og_url":"https:\/\/www.glasundbeschlag.de\/beratung\/anfrageformular-glaspendeltuer\/","og_site_name":"Beratung und Informationen zu Glas und Beschlagstechnik","article_publisher":"https:\/\/www.facebook.com\/glasundbeschlag.de\/","article_modified_time":"2024-03-08T12:25:34+00:00","twitter_card":"summary_large_image","twitter_misc":{"Gesch\u00e4tzte Lesezeit":"1\u00a0Minute"},"schema":{"@context":"https:\/\/schema.org","@graph":[{"@type":"WebPage","@id":"https:\/\/www.glasundbeschlag.de\/beratung\/anfrageformular-glaspendeltuer\/","url":"https:\/\/www.glasundbeschlag.de\/beratung\/anfrageformular-glaspendeltuer\/","name":"ANFRAGEFORMULAR GLASPENDELT\u00dcR - Beratung und Informationen zu Glas und Beschlagstechnik","isPartOf":{"@id":"https:\/\/www.glasundbeschlag.de\/beratung\/#website"},"datePublished":"2023-10-20T11:51:20+00:00","dateModified":"2024-03-08T12:25:34+00:00","description":"Glaspendelt\u00fcr in Standardgr\u00f6\u00dfen oder auf Wunsch nach Ma\u00df. Jetzt hier anfragen!","breadcrumb":{"@id":"https:\/\/www.glasundbeschlag.de\/beratung\/anfrageformular-glaspendeltuer\/#breadcrumb"},"inLanguage":"de","potentialAction":[{"@type":"ReadAction","target":["https:\/\/www.glasundbeschlag.de\/beratung\/anfrageformular-glaspendeltuer\/"]}]},{"@type":"BreadcrumbList","@id":"https:\/\/www.glasundbeschlag.de\/beratung\/anfrageformular-glaspendeltuer\/#breadcrumb","itemListElement":[{"@type":"ListItem","position":1,"name":"Home","item":"https:\/\/www.glasundbeschlag.de\/beratung\/"},{"@type":"ListItem","position":2,"name":"ANFRAGEFORMULAR GLASPENDELT\u00dcR"}]},{"@type":"WebSite","@id":"https:\/\/www.glasundbeschlag.de\/beratung\/#website","url":"https:\/\/www.glasundbeschlag.de\/beratung\/","name":"Beratung und Informationen zu Glas und Beschlagstechnik","description":"","publisher":{"@id":"https:\/\/www.glasundbeschlag.de\/beratung\/#organization"},"potentialAction":[{"@type":"SearchAction","target":{"@type":"EntryPoint","urlTemplate":"https:\/\/www.glasundbeschlag.de\/beratung\/?s={search_term_string}"},"query-input":{"@type":"PropertyValueSpecification","valueRequired":true,"valueName":"search_term_string"}}],"inLanguage":"de"},{"@type":"Organization","@id":"https:\/\/www.glasundbeschlag.de\/beratung\/#organization","name":"GLASundBESCHLAG.de GmbH","url":"https:\/\/www.glasundbeschlag.de\/beratung\/","logo":{"@type":"ImageObject","inLanguage":"de","@id":"https:\/\/www.glasundbeschlag.de\/beratung\/#\/schema\/logo\/image\/","url":"https:\/\/www.glasundbeschlag.de\/beratung\/wp-content\/uploads\/gub-logo.png","contentUrl":"https:\/\/www.glasundbeschlag.de\/beratung\/wp-content\/uploads\/gub-logo.png","width":640,"height":360,"caption":"GLASundBESCHLAG.de GmbH"},"image":{"@id":"https:\/\/www.glasundbeschlag.de\/beratung\/#\/schema\/logo\/image\/"},"sameAs":["https:\/\/www.facebook.com\/glasundbeschlag.de\/","https:\/\/www.instagram.com\/glasundbeschlag.de\/"]}]}},"_links":{"self":[{"href":"https:\/\/www.glasundbeschlag.de\/beratung\/wp-json\/wp\/v2\/pages\/10","targetHints":{"allow":["GET"]}}],"collection":[{"href":"https:\/\/www.glasundbeschlag.de\/beratung\/wp-json\/wp\/v2\/pages"}],"about":[{"href":"https:\/\/www.glasundbeschlag.de\/beratung\/wp-json\/wp\/v2\/types\/page"}],"author":[{"embeddable":true,"href":"https:\/\/www.glasundbeschlag.de\/beratung\/wp-json\/wp\/v2\/users\/1"}],"replies":[{"embeddable":true,"href":"https:\/\/www.glasundbeschlag.de\/beratung\/wp-json\/wp\/v2\/comments?post=10"}],"version-history":[{"count":1,"href":"https:\/\/www.glasundbeschlag.de\/beratung\/wp-json\/wp\/v2\/pages\/10\/revisions"}],"predecessor-version":[{"id":11,"href":"https:\/\/www.glasundbeschlag.de\/beratung\/wp-json\/wp\/v2\/pages\/10\/revisions\/11"}],"wp:attachment":[{"href":"https:\/\/www.glasundbeschlag.de\/beratung\/wp-json\/wp\/v2\/media?parent=10"}],"curies":[{"name":"wp","href":"https:\/\/api.w.org\/{rel}","templated":true}]}}