{"id":13941,"date":"2024-02-19T13:03:18","date_gmt":"2024-02-19T12:03:18","guid":{"rendered":"https:\/\/blog.glasundbeschlag.de\/?page_id=13941"},"modified":"2024-03-08T13:27:45","modified_gmt":"2024-03-08T12:27:45","slug":"montage-und-pflege-von-glasbeschlaegen","status":"publish","type":"page","link":"https:\/\/www.glasundbeschlag.de\/beratung\/montage-und-pflege-von-glasbeschlaegen\/","title":{"rendered":"Montage und Pflege von Glasbeschl\u00e4gen"},"content":{"rendered":"<h2>Montage von Glasbeschl\u00e4gen<\/h2>\n<p>Sie haben die passenden Glast\u00fcrbeschl\u00e4ge gefunden, bestellt und stehen nun vor der Herausforderung, sie zu montieren. Mit nur wenigen Schritten und einigen kleinen Kniffen wird Ihnen diese Aufgabe garantiert gelingen. Bitte beachten Sie, dass es hilfreich sein kann, wenn zwei Menschen die Montage gemeinsam vornehmen.<\/p>\n<p>Bitte nutzen Sie stets die\u00a0<strong>Montageanleitung des Herstellers<\/strong>\u00a0und legen Sie die ben\u00f6tigten\u00a0<strong>Werkzeuge griffbereit<\/strong>\u00a0an den Montageort.<\/p>\n<p>Bevor Sie mit der eigentlichen Montage beginnen, sollten Sie s\u00e4mtliche\u00a0<strong>Montagefl\u00e4chen gr\u00fcndlich reinigen<\/strong>. Auch wenn es sich um neue Teile direkt aus der Fertigung handelt, m\u00fcssen sie vor einer Montage gereinigt werden. Hierdurch werden st\u00f6rende Herstellungsr\u00fcckst\u00e4nde. Das Glas sollte in jedem Fall<strong>\u00a0staub- und fettfrei<\/strong>\u00a0sein. Weiterhin sollte das Glas nach der Reinigung trocken sein.<\/p>\n<h2>Besondere Montagen von Glasbeschl\u00e4gen<\/h2>\n<h3>Fallenmontage bei DIN-unabh\u00e4ngigen Glast\u00fcrschl\u00f6ssern<\/h3>\n<p>Sollten Sie ein DIN-unabh\u00e4ngiges Glast\u00fcrschloss einbauen, wie es teilweise bei den Studio-Systemen der Fall ist, achten Sie besonders auf die\u00a0<strong>Angaben des Herstellers bei der Fallenmontage<\/strong>.<\/p>\n<h3>Anzugsmomente bei den Glast\u00fcrbeschl\u00e4gen<\/h3>\n<p>Bei der Montage der Glast\u00fcrbeschl\u00e4ge sollten Sie unbedingt die\u00a0<strong>empfohlenen Anzugsmomente beachten<\/strong>. Bitte \u00fcberpr\u00fcfen Sie diese Angaben vorab noch einmal, da sie je nach System unterschiedlich sind. Gew\u00f6hnlich sollten Sie bei einem Anzugsmoment von 12 Nm das Geh\u00e4use sowohl vom Schloss als auch vom Gegenkasten ausrichten und im Anschluss die Schrauben ganz fest drehen.<\/p>\n<h3>Montage von Ganzglast\u00fcren mit Studio B\u00e4ndern<\/h3>\n<p>Empfehlung bei einer Montage von Ganzglast\u00fcren mit Studio B\u00e4ndern:\u00a0<strong>Verwendung von Aufnahmeteilen<\/strong>\u00a0(Rahmenteilen) an der Zarge mit einem Aufnahmebolzen von ca. 36 mm L\u00e4nge. Die Nutzung von Rahmenteilen mit k\u00fcrzeren Bolzen (z.B. Rahmenteile f\u00fcr Holzt\u00fcren) kann im Laufe der Zeit zum seitlichen Wegkippen der T\u00fcr f\u00fchren. Glasb\u00e4nder und Rahmenteile sind Verschlei\u00dfteile, da unterschiedliche Materialien aneinander reiben. In eher seltenen F\u00e4llen f\u00fchrt eine nicht ganz korrekt durchgef\u00fchrte Bandmontage zum Rutschen der Glast\u00fcr.<\/p>\n<p>Reinigen Sie dann vor Montage den Montagebereich an der T\u00fcr und entfernen Sie ggfs. vorhandene R\u00fcckst\u00e4nde am Glast\u00fcrband selbst.<\/p>\n<h3>Montage von Glas mit Sandstrahlung<\/h3>\n<p>Bei Montage von Glas mit Sandstrahlung\u00a0<strong>nutzen Sie am besten Handschuhe<\/strong>, um diese etwas rauere Oberfl\u00e4che zu schonen. Nutzen Sie keine silikonhaltigen Handschuhe o.\u00e4., diese k\u00f6nnen die Versieglung der Sandstrahlung zerst\u00f6ren und es k\u00f6nnten sp\u00e4ter Abdr\u00fccke an der Oberfl\u00e4che sichtbar werden.<\/p>\n<h3>Ganzglast\u00fcr aus Verbundsicherheitsglas<\/h3>\n<p>Haben Sie sich f\u00fcr eine Ganzglast\u00fcr aus VSG (Verbundsicherheitsglas) entschieden, empfiehlt es sich, die\u00a0<strong>Glasbohrungen im Bandbereich<\/strong>\u00a0mit einem Glaszement bauseits auszuf\u00fcllen.<\/p>\n<h2>Wartung und Reinigung von Glast\u00fcrbeschl\u00e4gen<\/h2>\n<p>Damit die Glast\u00fcrbeschl\u00e4ge dauerhaft funktionieren, ist eine regelm\u00e4\u00dfige Wartung erforderlich. Eine Glast\u00fcr weist ein deutlich h\u00f6heres Gewicht auf als eine Holzt\u00fcr, dementsprechend ist die Belastung f\u00fcr den Beschlag deutlich h\u00f6her.<\/p>\n<h3>\u00dcberpr\u00fcfung der T\u00fcrdr\u00fccker<\/h3>\n<p>Glasbeschl\u00e4ge sollten ab und an \u00fcberpr\u00fcft werden: Bei T\u00fcrdr\u00fcckern pr\u00fcfen Sie die gegenseitige Befestigung. Sind diese mit einer Madenschraube am Vierkantstift befestigt, ziehen Sie sie bei Bedarf ein wenig nach.<\/p>\n<h3>Pr\u00fcfung des Festsitzens von Glasb\u00e4ndern, Glas-Schl\u00f6ssern und T\u00fcrdr\u00fcckern<\/h3>\n<p>Die Wartung von Glast\u00fcrbeschl\u00e4gen sollte unbedingt das regelm\u00e4\u00dfig Pr\u00fcfen des Festsitzens der Glasb\u00e4nder, der Glasschl\u00f6sser und der T\u00fcrdr\u00fccker beinhalten. Wie oft dies sein sollte, h\u00e4ngt entscheidend von der Frequentierung der T\u00fcr und der Gr\u00f6\u00dfe der T\u00fcr ab. Je gr\u00f6\u00dfer und je mehr frequentiert, desto h\u00e4ufiger sollte alles \u00fcberpr\u00fcft werden. Denn nur so kann man unn\u00f6tigem Verschlei\u00df optimal entgegenwirken.<\/p>\n<h3>Optische Pr\u00fcfung<\/h3>\n<p>Zur verantwortungsbewussten Wartung eines Glast\u00fcrbeschlags geh\u00f6rt auch die optische Pr\u00fcfung. Auff\u00e4lligkeiten in der Optik wie zum Beispiel ein Materialabrieb oder Kratzer k\u00f6nnen zum Beispiel ein Hinweis darauf sein, dass an anderer Stelle etwas nicht mehr optimal eingestellt ist und Sie nachjustieren m\u00fcssen.<\/p>\n<h3>Reinigung der Glast\u00fcrbeschl\u00e4ge<\/h3>\n<p>Die Oberfl\u00e4che der Beschl\u00e4ge reinigen Sie einfach mit einem leicht\u00a0<strong>feuchten, nicht kratzenden Tuch<\/strong>. Bei Bedarf f\u00fcgen Sie dem lauwarmen Wasser einen Spritzer Sp\u00fclmittel bei. Bei gl\u00e4nzenden Oberfl\u00e4chen m\u00fcssen Sie anschlie\u00dfend nachpolieren.<\/p>\n<p>Auf keinen Fall sollten scheuernde oder aggressive Reinigungsmittel benutzt werden.<\/p>\n<p>Messingbeschl\u00e4ge (poliert oder matt) k\u00f6nnen von\u00a0<strong>Gr\u00fcnspan<\/strong>\u00a0betroffen sein. Dies ist eine nat\u00fcrliche Reaktion von Messing und Sauerstoff. Hier ist eine regelm\u00e4\u00dfigere Reinigung notwendig. Bei besch\u00e4digten Klarlacken auf Messing kann sich Gr\u00fcnspan unter dem Lack bilden. Hier ist keine Reinigung m\u00f6glich.<\/p>\n<p>Haben Sie Fragen zum Thema Glast\u00fcrbeschl\u00e4ge?<br \/>\nDann kontaktieren Sie uns gerne!<\/p>\n<p><strong>Ben\u00f6tigen Sie einen Glast\u00fcr-Beschlag?<\/strong><br \/>\n<a href=\"https:\/\/www.glasundbeschlag.de\/beschlaege.html\">Hier geht\u2018s zum Online-Shop f\u00fcr Glasbeschl\u00e4ge.<\/a><\/p>\n","protected":false},"excerpt":{"rendered":"<p>Montage von Glasbeschl\u00e4gen Sie haben die passenden Glast\u00fcrbeschl\u00e4ge gefunden, bestellt und stehen nun vor der Herausforderung, sie zu montieren. Mit [&hellip;]<\/p>\n","protected":false},"author":1,"featured_media":0,"parent":0,"menu_order":0,"comment_status":"closed","ping_status":"closed","template":"","meta":{"site-sidebar-layout":"default","site-content-layout":"","ast-site-content-layout":"default","site-content-style":"default","site-sidebar-style":"default","ast-global-header-display":"","ast-banner-title-visibility":"","ast-main-header-display":"","ast-hfb-above-header-display":"","ast-hfb-below-header-display":"","ast-hfb-mobile-header-display":"","site-post-title":"","ast-breadcrumbs-content":"","ast-featured-img":"","footer-sml-layout":"","theme-transparent-header-meta":"default","adv-header-id-meta":"","stick-header-meta":"","header-above-stick-meta":"","header-main-stick-meta":"","header-below-stick-meta":"","astra-migrate-meta-layouts":"set","ast-page-background-enabled":"default","ast-page-background-meta":{"desktop":{"background-color":"var(--ast-global-color-4)","background-image":"","background-repeat":"repeat","background-position":"center center","background-size":"auto","background-attachment":"scroll","background-type":"","background-media":"","overlay-type":"","overlay-color":"","overlay-opacity":"","overlay-gradient":""},"tablet":{"background-color":"","background-image":"","background-repeat":"repeat","background-position":"center center","background-size":"auto","background-attachment":"scroll","background-type":"","background-media":"","overlay-type":"","overlay-color":"","overlay-opacity":"","overlay-gradient":""},"mobile":{"background-color":"","background-image":"","background-repeat":"repeat","background-position":"center center","background-size":"auto","background-attachment":"scroll","background-type":"","background-media":"","overlay-type":"","overlay-color":"","overlay-opacity":"","overlay-gradient":""}},"ast-content-background-meta":{"desktop":{"background-color":"var(--ast-global-color-5)","background-image":"","background-repeat":"repeat","background-position":"center center","background-size":"auto","background-attachment":"scroll","background-type":"","background-media":"","overlay-type":"","overlay-color":"","overlay-opacity":"","overlay-gradient":""},"tablet":{"background-color":"var(--ast-global-color-5)","background-image":"","background-repeat":"repeat","background-position":"center center","background-size":"auto","background-attachment":"scroll","background-type":"","background-media":"","overlay-type":"","overlay-color":"","overlay-opacity":"","overlay-gradient":""},"mobile":{"background-color":"var(--ast-global-color-5)","background-image":"","background-repeat":"repeat","background-position":"center center","background-size":"auto","background-attachment":"scroll","background-type":"","background-media":"","overlay-type":"","overlay-color":"","overlay-opacity":"","overlay-gradient":""}},"footnotes":""},"class_list":["post-13941","page","type-page","status-publish","hentry"],"yoast_head":"<!-- This site is optimized with the Yoast SEO plugin v27.5 - https:\/\/yoast.com\/product\/yoast-seo-wordpress\/ -->\n<title>Montage und Pflege von Glasbeschl\u00e4gen - Beratung und Informationen zu Glas und Beschlagstechnik<\/title>\n<meta name=\"description\" content=\"Jetzt mehr \u00fcber die Montage und Pflege von Glasbeschl\u00e4gen hier erfahren. Jetzt hier klicken!\" \/>\n<meta name=\"robots\" content=\"index, follow, max-snippet:-1, max-image-preview:large, max-video-preview:-1\" \/>\n<link rel=\"canonical\" href=\"https:\/\/www.glasundbeschlag.de\/beratung\/montage-und-pflege-von-glasbeschlaegen\/\" \/>\n<meta property=\"og:locale\" content=\"de_DE\" \/>\n<meta property=\"og:type\" content=\"article\" \/>\n<meta property=\"og:title\" content=\"Montage und Pflege von Glasbeschl\u00e4gen - Beratung und Informationen zu Glas und Beschlagstechnik\" \/>\n<meta property=\"og:description\" content=\"Jetzt mehr \u00fcber die Montage und Pflege von Glasbeschl\u00e4gen hier erfahren. Jetzt hier klicken!\" \/>\n<meta property=\"og:url\" content=\"https:\/\/www.glasundbeschlag.de\/beratung\/montage-und-pflege-von-glasbeschlaegen\/\" \/>\n<meta property=\"og:site_name\" content=\"Beratung und Informationen zu Glas und Beschlagstechnik\" \/>\n<meta property=\"article:publisher\" content=\"https:\/\/www.facebook.com\/glasundbeschlag.de\/\" \/>\n<meta property=\"article:modified_time\" content=\"2024-03-08T12:27:45+00:00\" \/>\n<meta name=\"twitter:card\" content=\"summary_large_image\" \/>\n<meta name=\"twitter:label1\" content=\"Gesch\u00e4tzte Lesezeit\" \/>\n\t<meta name=\"twitter:data1\" content=\"4\u00a0Minuten\" \/>\n<script type=\"application\/ld+json\" class=\"yoast-schema-graph\">{\"@context\":\"https:\\\/\\\/schema.org\",\"@graph\":[{\"@type\":\"WebPage\",\"@id\":\"https:\\\/\\\/www.glasundbeschlag.de\\\/beratung\\\/montage-und-pflege-von-glasbeschlaegen\\\/\",\"url\":\"https:\\\/\\\/www.glasundbeschlag.de\\\/beratung\\\/montage-und-pflege-von-glasbeschlaegen\\\/\",\"name\":\"Montage und Pflege von Glasbeschl\u00e4gen - Beratung und Informationen zu Glas und Beschlagstechnik\",\"isPartOf\":{\"@id\":\"https:\\\/\\\/www.glasundbeschlag.de\\\/beratung\\\/#website\"},\"datePublished\":\"2024-02-19T12:03:18+00:00\",\"dateModified\":\"2024-03-08T12:27:45+00:00\",\"description\":\"Jetzt mehr \u00fcber die Montage und Pflege von Glasbeschl\u00e4gen hier erfahren. Jetzt hier klicken!\",\"breadcrumb\":{\"@id\":\"https:\\\/\\\/www.glasundbeschlag.de\\\/beratung\\\/montage-und-pflege-von-glasbeschlaegen\\\/#breadcrumb\"},\"inLanguage\":\"de\",\"potentialAction\":[{\"@type\":\"ReadAction\",\"target\":[\"https:\\\/\\\/www.glasundbeschlag.de\\\/beratung\\\/montage-und-pflege-von-glasbeschlaegen\\\/\"]}]},{\"@type\":\"BreadcrumbList\",\"@id\":\"https:\\\/\\\/www.glasundbeschlag.de\\\/beratung\\\/montage-und-pflege-von-glasbeschlaegen\\\/#breadcrumb\",\"itemListElement\":[{\"@type\":\"ListItem\",\"position\":1,\"name\":\"Home\",\"item\":\"https:\\\/\\\/www.glasundbeschlag.de\\\/beratung\\\/\"},{\"@type\":\"ListItem\",\"position\":2,\"name\":\"Montage und Pflege von Glasbeschl\u00e4gen\"}]},{\"@type\":\"WebSite\",\"@id\":\"https:\\\/\\\/www.glasundbeschlag.de\\\/beratung\\\/#website\",\"url\":\"https:\\\/\\\/www.glasundbeschlag.de\\\/beratung\\\/\",\"name\":\"Beratung und Informationen zu Glas und Beschlagstechnik\",\"description\":\"\",\"publisher\":{\"@id\":\"https:\\\/\\\/www.glasundbeschlag.de\\\/beratung\\\/#organization\"},\"potentialAction\":[{\"@type\":\"SearchAction\",\"target\":{\"@type\":\"EntryPoint\",\"urlTemplate\":\"https:\\\/\\\/www.glasundbeschlag.de\\\/beratung\\\/?s={search_term_string}\"},\"query-input\":{\"@type\":\"PropertyValueSpecification\",\"valueRequired\":true,\"valueName\":\"search_term_string\"}}],\"inLanguage\":\"de\"},{\"@type\":\"Organization\",\"@id\":\"https:\\\/\\\/www.glasundbeschlag.de\\\/beratung\\\/#organization\",\"name\":\"GLASundBESCHLAG.de GmbH\",\"url\":\"https:\\\/\\\/www.glasundbeschlag.de\\\/beratung\\\/\",\"logo\":{\"@type\":\"ImageObject\",\"inLanguage\":\"de\",\"@id\":\"https:\\\/\\\/www.glasundbeschlag.de\\\/beratung\\\/#\\\/schema\\\/logo\\\/image\\\/\",\"url\":\"https:\\\/\\\/www.glasundbeschlag.de\\\/beratung\\\/wp-content\\\/uploads\\\/gub-logo.png\",\"contentUrl\":\"https:\\\/\\\/www.glasundbeschlag.de\\\/beratung\\\/wp-content\\\/uploads\\\/gub-logo.png\",\"width\":640,\"height\":360,\"caption\":\"GLASundBESCHLAG.de GmbH\"},\"image\":{\"@id\":\"https:\\\/\\\/www.glasundbeschlag.de\\\/beratung\\\/#\\\/schema\\\/logo\\\/image\\\/\"},\"sameAs\":[\"https:\\\/\\\/www.facebook.com\\\/glasundbeschlag.de\\\/\",\"https:\\\/\\\/www.instagram.com\\\/glasundbeschlag.de\\\/\"]}]}<\/script>\n<!-- \/ Yoast SEO plugin. -->","yoast_head_json":{"title":"Montage und Pflege von Glasbeschl\u00e4gen - Beratung und Informationen zu Glas und Beschlagstechnik","description":"Jetzt mehr \u00fcber die Montage und Pflege von Glasbeschl\u00e4gen hier erfahren. Jetzt hier klicken!","robots":{"index":"index","follow":"follow","max-snippet":"max-snippet:-1","max-image-preview":"max-image-preview:large","max-video-preview":"max-video-preview:-1"},"canonical":"https:\/\/www.glasundbeschlag.de\/beratung\/montage-und-pflege-von-glasbeschlaegen\/","og_locale":"de_DE","og_type":"article","og_title":"Montage und Pflege von Glasbeschl\u00e4gen - Beratung und Informationen zu Glas und Beschlagstechnik","og_description":"Jetzt mehr \u00fcber die Montage und Pflege von Glasbeschl\u00e4gen hier erfahren. Jetzt hier klicken!","og_url":"https:\/\/www.glasundbeschlag.de\/beratung\/montage-und-pflege-von-glasbeschlaegen\/","og_site_name":"Beratung und Informationen zu Glas und Beschlagstechnik","article_publisher":"https:\/\/www.facebook.com\/glasundbeschlag.de\/","article_modified_time":"2024-03-08T12:27:45+00:00","twitter_card":"summary_large_image","twitter_misc":{"Gesch\u00e4tzte Lesezeit":"4\u00a0Minuten"},"schema":{"@context":"https:\/\/schema.org","@graph":[{"@type":"WebPage","@id":"https:\/\/www.glasundbeschlag.de\/beratung\/montage-und-pflege-von-glasbeschlaegen\/","url":"https:\/\/www.glasundbeschlag.de\/beratung\/montage-und-pflege-von-glasbeschlaegen\/","name":"Montage und Pflege von Glasbeschl\u00e4gen - Beratung und Informationen zu Glas und Beschlagstechnik","isPartOf":{"@id":"https:\/\/www.glasundbeschlag.de\/beratung\/#website"},"datePublished":"2024-02-19T12:03:18+00:00","dateModified":"2024-03-08T12:27:45+00:00","description":"Jetzt mehr \u00fcber die Montage und Pflege von Glasbeschl\u00e4gen hier erfahren. Jetzt hier klicken!","breadcrumb":{"@id":"https:\/\/www.glasundbeschlag.de\/beratung\/montage-und-pflege-von-glasbeschlaegen\/#breadcrumb"},"inLanguage":"de","potentialAction":[{"@type":"ReadAction","target":["https:\/\/www.glasundbeschlag.de\/beratung\/montage-und-pflege-von-glasbeschlaegen\/"]}]},{"@type":"BreadcrumbList","@id":"https:\/\/www.glasundbeschlag.de\/beratung\/montage-und-pflege-von-glasbeschlaegen\/#breadcrumb","itemListElement":[{"@type":"ListItem","position":1,"name":"Home","item":"https:\/\/www.glasundbeschlag.de\/beratung\/"},{"@type":"ListItem","position":2,"name":"Montage und Pflege von Glasbeschl\u00e4gen"}]},{"@type":"WebSite","@id":"https:\/\/www.glasundbeschlag.de\/beratung\/#website","url":"https:\/\/www.glasundbeschlag.de\/beratung\/","name":"Beratung und Informationen zu Glas und Beschlagstechnik","description":"","publisher":{"@id":"https:\/\/www.glasundbeschlag.de\/beratung\/#organization"},"potentialAction":[{"@type":"SearchAction","target":{"@type":"EntryPoint","urlTemplate":"https:\/\/www.glasundbeschlag.de\/beratung\/?s={search_term_string}"},"query-input":{"@type":"PropertyValueSpecification","valueRequired":true,"valueName":"search_term_string"}}],"inLanguage":"de"},{"@type":"Organization","@id":"https:\/\/www.glasundbeschlag.de\/beratung\/#organization","name":"GLASundBESCHLAG.de GmbH","url":"https:\/\/www.glasundbeschlag.de\/beratung\/","logo":{"@type":"ImageObject","inLanguage":"de","@id":"https:\/\/www.glasundbeschlag.de\/beratung\/#\/schema\/logo\/image\/","url":"https:\/\/www.glasundbeschlag.de\/beratung\/wp-content\/uploads\/gub-logo.png","contentUrl":"https:\/\/www.glasundbeschlag.de\/beratung\/wp-content\/uploads\/gub-logo.png","width":640,"height":360,"caption":"GLASundBESCHLAG.de GmbH"},"image":{"@id":"https:\/\/www.glasundbeschlag.de\/beratung\/#\/schema\/logo\/image\/"},"sameAs":["https:\/\/www.facebook.com\/glasundbeschlag.de\/","https:\/\/www.instagram.com\/glasundbeschlag.de\/"]}]}},"_links":{"self":[{"href":"https:\/\/www.glasundbeschlag.de\/beratung\/wp-json\/wp\/v2\/pages\/13941","targetHints":{"allow":["GET"]}}],"collection":[{"href":"https:\/\/www.glasundbeschlag.de\/beratung\/wp-json\/wp\/v2\/pages"}],"about":[{"href":"https:\/\/www.glasundbeschlag.de\/beratung\/wp-json\/wp\/v2\/types\/page"}],"author":[{"embeddable":true,"href":"https:\/\/www.glasundbeschlag.de\/beratung\/wp-json\/wp\/v2\/users\/1"}],"replies":[{"embeddable":true,"href":"https:\/\/www.glasundbeschlag.de\/beratung\/wp-json\/wp\/v2\/comments?post=13941"}],"version-history":[{"count":1,"href":"https:\/\/www.glasundbeschlag.de\/beratung\/wp-json\/wp\/v2\/pages\/13941\/revisions"}],"predecessor-version":[{"id":13942,"href":"https:\/\/www.glasundbeschlag.de\/beratung\/wp-json\/wp\/v2\/pages\/13941\/revisions\/13942"}],"wp:attachment":[{"href":"https:\/\/www.glasundbeschlag.de\/beratung\/wp-json\/wp\/v2\/media?parent=13941"}],"curies":[{"name":"wp","href":"https:\/\/api.w.org\/{rel}","templated":true}]}}