{"id":13954,"date":"2024-02-19T13:08:47","date_gmt":"2024-02-19T12:08:47","guid":{"rendered":"https:\/\/blog.glasundbeschlag.de\/?page_id=13954"},"modified":"2024-07-03T09:58:14","modified_gmt":"2024-07-03T07:58:14","slug":"material-der-glasbeschlaege","status":"publish","type":"page","link":"https:\/\/www.glasundbeschlag.de\/beratung\/material-der-glasbeschlaege\/","title":{"rendered":"Material der Glasbeschl\u00e4ge"},"content":{"rendered":"\t\t<div data-elementor-type=\"wp-page\" data-elementor-id=\"13954\" class=\"elementor elementor-13954\">\n\t\t\t\t<div class=\"elementor-element elementor-element-7a48ae0 e-flex e-con-boxed e-con e-parent\" data-id=\"7a48ae0\" data-element_type=\"container\" data-e-type=\"container\">\n\t\t\t\t\t<div class=\"e-con-inner\">\n\t\t\t\t<div class=\"elementor-element elementor-element-98b0c49 elementor-widget elementor-widget-heading\" data-id=\"98b0c49\" data-element_type=\"widget\" data-e-type=\"widget\" data-widget_type=\"heading.default\">\n\t\t\t\t<div class=\"elementor-widget-container\">\n\t\t\t\t\t<h1 class=\"elementor-heading-title elementor-size-default\">Material der Glasbeschl\u00e4ge<\/h1>\t\t\t\t<\/div>\n\t\t\t\t<\/div>\n\t\t\t\t\t<\/div>\n\t\t\t\t<\/div>\n\t\t<div class=\"elementor-element elementor-element-e495c3a e-flex e-con-boxed e-con e-parent\" data-id=\"e495c3a\" data-element_type=\"container\" data-e-type=\"container\">\n\t\t\t\t\t<div class=\"e-con-inner\">\n\t\t<div class=\"elementor-element elementor-element-6557983 e-con-full e-flex e-con e-child\" data-id=\"6557983\" data-element_type=\"container\" data-e-type=\"container\">\n\t\t\t\t<div class=\"elementor-element elementor-element-3e801ba elementor-widget elementor-widget-text-editor\" data-id=\"3e801ba\" data-element_type=\"widget\" data-e-type=\"widget\" data-widget_type=\"text-editor.default\">\n\t\t\t\t<div class=\"elementor-widget-container\">\n\t\t\t\t\t\t\t\t\t<h2>Schnell-Check: So erkennen Sie einen Qualit\u00e4tsbeschlag f\u00fcr Glas<\/h2><ul><li>bei Glasschl\u00f6ssern ist der Schlosseinsatz aus\u00a0<strong>Stahl oder Zink-Druckguss<\/strong>\u00a0(kein Kunststoff),<\/li><li>die B\u00e4nder sind jeweils aus massivem Material und verf\u00fcgen nicht \u00fcber Ausfr\u00e4sungen oder Hohlkammern im Bereich der Glasauflage,<\/li><li>Glasb\u00e4nder aus Messing und Edelstahl sind deutlich schwerer als ein Aluminiumband, alle drei Materialien sind gleichwertig.<\/li><li>die Klemmplatten der Glasb\u00e4nder sind aus Stahl oder Aluminium \u2013 auch hier verwenden Qualit\u00e4tshersteller keine Kunststoffteile.<\/li><\/ul>\t\t\t\t\t\t\t\t<\/div>\n\t\t\t\t<\/div>\n\t\t\t\t<\/div>\n\t\t<div class=\"elementor-element elementor-element-df042ab e-con-full e-flex e-con e-child\" data-id=\"df042ab\" data-element_type=\"container\" data-e-type=\"container\" data-settings=\"{&quot;background_background&quot;:&quot;classic&quot;}\">\n\t\t\t\t<div class=\"elementor-element elementor-element-96f48fc elementor-widget elementor-widget-text-editor\" data-id=\"96f48fc\" data-element_type=\"widget\" data-e-type=\"widget\" data-widget_type=\"text-editor.default\">\n\t\t\t\t<div class=\"elementor-widget-container\">\n\t\t\t\t\t\t\t\t\t<p><strong>Inhaltsverzeichnis zum Thema Glasbeschl\u00e4ge<\/strong><\/p><div class=\"inhaltsverzeichnis\"><p>2.\u00a0<a href=\"https:\/\/www.glasundbeschlag.de\/material-glastuerbeschlaege.html#Anker1\">Schnell-Check<\/a><\/p><p>3.\u00a0<a href=\"https:\/\/www.glasundbeschlag.de\/material-glastuerbeschlaege.html#Anker2\">Glasbeschl\u00e4ge aus unterschiedlichen Materialien<\/a><\/p><p>4.\u00a0<a href=\"https:\/\/www.glasundbeschlag.de\/material-glastuerbeschlaege.html#Anker3\">Glasbeschl\u00e4ge aus Aluminium<\/a><\/p><p>4.\u00a0<a href=\"https:\/\/www.glasundbeschlag.de\/material-glastuerbeschlaege.html#Anker4\">Glasbeschl\u00e4ge aus Messing<\/a><\/p><p>4.\u00a0<a href=\"https:\/\/www.glasundbeschlag.de\/material-glastuerbeschlaege.html#Anker5\">Glasbeschl\u00e4ge aus Zink-Druckguss<\/a><\/p><p>4.\u00a0<a href=\"https:\/\/www.glasundbeschlag.de\/material-glastuerbeschlaege.html#Anker6\">Glasbeschl\u00e4ge aus Edelstahl<\/a><\/p><\/div>\t\t\t\t\t\t\t\t<\/div>\n\t\t\t\t<\/div>\n\t\t\t\t<\/div>\n\t\t\t\t\t<\/div>\n\t\t\t\t<\/div>\n\t\t<div class=\"elementor-element elementor-element-3475290 e-flex e-con-boxed e-con e-parent\" data-id=\"3475290\" data-element_type=\"container\" data-e-type=\"container\">\n\t\t\t\t\t<div class=\"e-con-inner\">\n\t\t\t\t<div class=\"elementor-element elementor-element-9ce17f9 elementor-widget elementor-widget-text-editor\" data-id=\"9ce17f9\" data-element_type=\"widget\" data-e-type=\"widget\" data-widget_type=\"text-editor.default\">\n\t\t\t\t<div class=\"elementor-widget-container\">\n\t\t\t\t\t\t\t\t\t<p>M\u00f6glicherweise finden Sie in anderer Onlineshops vermeintliche Modelle, die aus Edelstahl hergestellt werden und die sehr g\u00fcnstig sind. Seien Sie hier skeptisch! Wenn Sie das Gewicht testen, wird Ihnen auffallen, dass dieses f\u00fcr Edelstahl zu leicht ist. Stattdessen sind die Beschl\u00e4ge mit einer Schicht bezogen und wirken nur ihrer Optik nach wie Edelstahl oder nur einzelne Komponenten sind aus Edelstahl.<\/p><div id=\"Anker2\">\u00a0<\/div><h2>Glasbeschl\u00e4ge aus unterschiedlichen Materialien<\/h2><p>Der Markt bietet bei den Glast\u00fcrbeschl\u00e4gen nicht nur unterschiedliche Funktionen f\u00fcr die verschiedenen Bedarfe an, sondern zugleich noch Ausf\u00fchrungen in unterschiedlichsten Materialien.<\/p><p>Das Material der Glast\u00fcrbeschl\u00e4ge bestimmt die Funktionalit\u00e4t, aber auch die Optik. Je nach Hersteller und Einsatzzweck werden Glasbeschl\u00e4ge aus unterschiedlichen Materialien hergestellt. Daf\u00fcr werden folgende Materialien verwendet:<\/p><ul><li>Aluminium (Leichtmetall) f\u00fcr Glasinnent\u00fcr,<\/li><li>Eckbeschl\u00e4ge Ganzglasanlagen:<br \/>Grundk\u00f6rper Aluguss, Abdeckkappen Aluminium oder Edelstahl,<\/li><li>Messing und Zink-Druckguss f\u00fcr Duschbereich,<\/li><li>T\u00fcrklingen aus Aluminium und Edelstahl,<\/li><li>Griffstangen und T\u00fcrkn\u00f6pfe aus Holz, Edelstahl oder Glas.<\/li><\/ul><div id=\"Anker3\">\u00a0<\/div><h2>Glasbeschl\u00e4ge aus Aluminium<\/h2><p>Die meisten Glasbeschl\u00e4ge werden aus Leichtmetall hergestellt. Dies hat einen einfachen Grund: Aluminium ist ein ausgesprochen\u00a0<strong>best\u00e4ndiger und strapazierf\u00e4higer Baustoff<\/strong>\u00a0mit einem\u00a0<strong>fairen Preis-Leistungs-Verh\u00e4ltnis<\/strong>. Aluminium \u00fcberzeugt mit seiner best\u00e4ndigen Optik, seiner Strapazierf\u00e4higkeit und seinem Gewicht. Aus diesen Gr\u00fcnden greifen viele der namhaften Hersteller auf diesen Baustoff zur\u00fcck. Und da wir Ihnen hohe Qualit\u00e4t zu einem fairen Preis anbieten, sind unsere Glast\u00fcrbeschl\u00e4ge aus Aluminium.<\/p><p>Au\u00dferdem bietet Aluminium viele farblich gestalterische M\u00f6glichkeiten. So kann Aluminium in unterschiedlichen Farben eloxiert und beschichtet werden. Bei einer Beschichtung erfolgt der \u00dcberzug des vorbehandelten Materials mit einer Farbe oder Eloxal. Sollten Sie bauseits eine Beschichtung vornehmen lassen, bestellen Sie EV1 silberfarbig (eloxiert). Dadurch wird eine notwendige Vorbehandlung des Rohmaterials (Alu roh \/ LM roh) vermieden.<\/p><p><strong>Sie m\u00f6chten einen Glasbeschlag kaufen?\u00a0<a title=\"Glast\u00fcrbeschl\u00e4ge kaufen\" href=\"https:\/\/www.glasundbeschlag.de\/glastuerbeschlaege.html\" target=\"_self\">Hier kommen Sie zu den Glasbeschl\u00e4gen.<\/a><\/strong><\/p><div id=\"Anker4\">\u00a0<\/div><h2>Glasbeschl\u00e4ge aus Messing<\/h2><p>Messing-Glasbeschl\u00e4ge sind\u00a0<strong>hochwertig<\/strong>\u00a0und teils auch<strong>\u00a0in unterschiedlichen Farboberfl\u00e4chen erh\u00e4ltlich<\/strong>. Auf Grund des Materials Messing sind diese meist auch\u00a0<strong>etwas preisintensiver<\/strong>\u00a0als andere Duschbeschl\u00e4ge. Die Messing-Glasbeschl\u00e4ge lassen sich in speziellen Oberfl\u00e4chenverfahren veredeln. Wir f\u00fchren diese Messingbeschl\u00e4ge der Hersteller gral, Colcom und KL megla.<\/p><p>Einige Glasbeschl\u00e4ge aus Messing sind lieferbar:<\/p><ul><li>glanzverchromt,<\/li><li>velourvernickelt,<\/li><li>klassisch Messing poliert,<\/li><li>Messing matt geschliffen (mit oder ohne Klarlack).<\/li><\/ul><p>Bei Messing mit\u00a0<strong>glanzverchromten<\/strong>\u00a0Glasbeschl\u00e4gen ist die Oberfl\u00e4che gl\u00e4nzend, wie Sie es zum Beispiel von Badarmaturen kennen. Messing\u00a0<strong>poliert und matt geschliffen<\/strong>\u00a0sind klassisch goldfarben. Je nach Hersteller k\u00f6nnen diese\u00a0<strong>mit oder ohne Klarlack<\/strong>\u00a0geliefert werden.<\/p><p>Da Messing poliert oder matt ohne Klarlack mit Sauerstoff reagiert, bildet sich der bekannte Gr\u00fcnspan. Bei Messing mit Klarlack\u00fcberzug ist dies so lange nicht der Fall, bis die Oberfl\u00e4che des Lackes besch\u00e4digt ist. Dann kann sich der Gr\u00fcnspan auch unter dem Lack bildet und nicht mehr entfernt werden. Glasbeschl\u00e4gen aus Messing poliert und matt haben deshalb einen h\u00f6heren Pflegeaufwand.<\/p><p><strong>Sie m\u00f6chten einen Glasbeschlag aus Messing kaufen?<\/strong><br \/><a title=\"Glast\u00fcrbeschl\u00e4ge aus Messing\" href=\"https:\/\/www.glasundbeschlag.de\/glastuerbeschlaege.html\" target=\"_self\">Hier kommen Sie zu dem Messing-Glasbeschl\u00e4gen.<\/a><\/p><div id=\"Anker5\">\u00a0<\/div><h2>Glasbeschl\u00e4ge aus Zink-Druckguss<\/h2><p>Es gibt einige Glast\u00fcrbeschl\u00e4ge, die aus einem Zink-Druckguss hergestellt werden. Hierbei ist jedoch die Qualit\u00e4t der Materialien und der Umsetzung entscheidend f\u00fcr die Langlebigkeit des Produktes. Wir legen Wert auf die Qualit\u00e4t der bei uns angebotenen Produkte und \u00fcberpr\u00fcfen diese Faktoren eingehend. Deshalb haben wir die Duschbeschl\u00e4ge von Pauli und Sohn im Sortiment, die aus hochwertigem Zink-Druckguss hergestellt sind.<\/p><p><strong>Sie m\u00f6chten einen Duschbeschlag kaufen?<\/strong><br \/><a title=\"Glast\u00fcrbeschl\u00e4ge aus Zink\" href=\"https:\/\/www.glasundbeschlag.de\/glastuerbeschlaege.html\" target=\"_self\">Hier kommen Sie zu dem Beschl\u00e4gen f\u00fcr Glasduschen.<\/a><\/p><div id=\"Anker6\">\u00a0<\/div><h2>Glasbeschl\u00e4ge aus Edelstahl<\/h2><p>Es gibt auch Glast\u00fcrbeschl\u00e4ge aus Edelstahl.\u00a0<strong>Gew\u00f6hnlich sind es<\/strong>\u00a0ausschlie\u00dflich die\u00a0<strong>Abdeckklappen<\/strong>,\u00a0<strong>die tats\u00e4chlich aus Edelstahl<\/strong>\u00a0sind. Die anderen Komponenten der Glast\u00fcrbeschl\u00e4ge werden ausschlie\u00dflich optisch auf Edelstahl getrimmt.<\/p><p>Die Firmen Pauli und Sohn und MWE bieten auch Dusch- und Schiebet\u00fcrbeschl\u00e4ge aus massiven Edelstahl an. Auf Anfrage bieten wir diese Beschl\u00e4ge an.<\/p><p>Haben Sie Fragen zu Ihrem Beschlag?<\/p><p>Lorem ipsum dolor sit amet, consectetur adipiscing elit. Ut elit tellus, luctus nec ullamcorper mattis, pulvinar dapibus leo.<\/p>\t\t\t\t\t\t\t\t<\/div>\n\t\t\t\t<\/div>\n\t\t\t\t\t<\/div>\n\t\t\t\t<\/div>\n\t\t<div class=\"elementor-element elementor-element-25b49df e-flex e-con-boxed e-con e-parent\" data-id=\"25b49df\" data-element_type=\"container\" data-e-type=\"container\">\n\t\t\t\t\t<div class=\"e-con-inner\">\n\t\t\t\t<div class=\"elementor-element elementor-element-762b56b elementor-widget elementor-widget-image\" data-id=\"762b56b\" data-element_type=\"widget\" data-e-type=\"widget\" data-widget_type=\"image.default\">\n\t\t\t\t<div class=\"elementor-widget-container\">\n\t\t\t\t\t\t\t\t\t\t\t\t\t\t\t<img decoding=\"async\" width=\"512\" height=\"75\" src=\"https:\/\/www.glasundbeschlag.de\/beratung\/wp-content\/uploads\/call-andre-medwide.jpg.png\" class=\"attachment-large size-large wp-image-70399\" alt=\"\" srcset=\"https:\/\/www.glasundbeschlag.de\/beratung\/wp-content\/uploads\/call-andre-medwide.jpg.png 1012w, https:\/\/www.glasundbeschlag.de\/beratung\/wp-content\/uploads\/call-andre-medwide.jpg-300x44.png 300w, https:\/\/www.glasundbeschlag.de\/beratung\/wp-content\/uploads\/call-andre-medwide.jpg-768x113.png 768w\" sizes=\"(max-width: 512px) 100vw, 512px\" \/>\t\t\t\t\t\t\t\t\t\t\t\t\t\t\t<\/div>\n\t\t\t\t<\/div>\n\t\t\t\t\t<\/div>\n\t\t\t\t<\/div>\n\t\t\t\t<\/div>\n\t\t","protected":false},"excerpt":{"rendered":"<p>Material der Glasbeschl\u00e4ge Schnell-Check: So erkennen Sie einen Qualit\u00e4tsbeschlag f\u00fcr Glas bei Glasschl\u00f6ssern ist der Schlosseinsatz aus\u00a0Stahl oder Zink-Druckguss\u00a0(kein Kunststoff), [&hellip;]<\/p>\n","protected":false},"author":1,"featured_media":0,"parent":0,"menu_order":0,"comment_status":"closed","ping_status":"closed","template":"","meta":{"site-sidebar-layout":"no-sidebar","site-content-layout":"","ast-site-content-layout":"full-width-container","site-content-style":"default","site-sidebar-style":"default","ast-global-header-display":"","ast-banner-title-visibility":"","ast-main-header-display":"","ast-hfb-above-header-display":"","ast-hfb-below-header-display":"","ast-hfb-mobile-header-display":"","site-post-title":"disabled","ast-breadcrumbs-content":"","ast-featured-img":"disabled","footer-sml-layout":"","theme-transparent-header-meta":"default","adv-header-id-meta":"","stick-header-meta":"","header-above-stick-meta":"","header-main-stick-meta":"","header-below-stick-meta":"","astra-migrate-meta-layouts":"set","ast-page-background-enabled":"default","ast-page-background-meta":{"desktop":{"background-color":"var(--ast-global-color-4)","background-image":"","background-repeat":"repeat","background-position":"center center","background-size":"auto","background-attachment":"scroll","background-type":"","background-media":"","overlay-type":"","overlay-color":"","overlay-opacity":"","overlay-gradient":""},"tablet":{"background-color":"","background-image":"","background-repeat":"repeat","background-position":"center center","background-size":"auto","background-attachment":"scroll","background-type":"","background-media":"","overlay-type":"","overlay-color":"","overlay-opacity":"","overlay-gradient":""},"mobile":{"background-color":"","background-image":"","background-repeat":"repeat","background-position":"center center","background-size":"auto","background-attachment":"scroll","background-type":"","background-media":"","overlay-type":"","overlay-color":"","overlay-opacity":"","overlay-gradient":""}},"ast-content-background-meta":{"desktop":{"background-color":"var(--ast-global-color-5)","background-image":"","background-repeat":"repeat","background-position":"center center","background-size":"auto","background-attachment":"scroll","background-type":"","background-media":"","overlay-type":"","overlay-color":"","overlay-opacity":"","overlay-gradient":""},"tablet":{"background-color":"var(--ast-global-color-5)","background-image":"","background-repeat":"repeat","background-position":"center center","background-size":"auto","background-attachment":"scroll","background-type":"","background-media":"","overlay-type":"","overlay-color":"","overlay-opacity":"","overlay-gradient":""},"mobile":{"background-color":"var(--ast-global-color-5)","background-image":"","background-repeat":"repeat","background-position":"center center","background-size":"auto","background-attachment":"scroll","background-type":"","background-media":"","overlay-type":"","overlay-color":"","overlay-opacity":"","overlay-gradient":""}},"footnotes":""},"class_list":["post-13954","page","type-page","status-publish","hentry"],"yoast_head":"<!-- This site is optimized with the Yoast SEO plugin v27.6 - https:\/\/yoast.com\/product\/yoast-seo-wordpress\/ -->\n<title>Material der Glasbeschl\u00e4ge - Beratung und Informationen zu Glas und Beschlagstechnik<\/title>\n<meta name=\"description\" content=\"Material der Glasbeschl\u00e4geSchnell-Check: So erkennen Sie einen Qualit\u00e4tsbeschlag f\u00fcr Glasbei Glasschl\u00f6ssern ist der Schlosseinsatz aus ...\" \/>\n<meta name=\"robots\" content=\"index, follow, max-snippet:-1, max-image-preview:large, max-video-preview:-1\" \/>\n<link rel=\"canonical\" href=\"https:\/\/www.glasundbeschlag.de\/beratung\/material-der-glasbeschlaege\/\" \/>\n<meta property=\"og:locale\" content=\"de_DE\" \/>\n<meta property=\"og:type\" content=\"article\" \/>\n<meta property=\"og:title\" content=\"Material der Glasbeschl\u00e4ge\" \/>\n<meta property=\"og:description\" content=\"Material der Glasbeschl\u00e4geSchnell-Check: So erkennen Sie einen Qualit\u00e4tsbeschlag f\u00fcr Glasbei Glasschl\u00f6ssern ist der Schlosseinsatz aus ...\" \/>\n<meta property=\"og:url\" content=\"https:\/\/www.glasundbeschlag.de\/beratung\/material-der-glasbeschlaege\/\" \/>\n<meta property=\"og:site_name\" content=\"Beratung und Informationen zu Glas und Beschlagstechnik\" \/>\n<meta property=\"article:publisher\" content=\"https:\/\/www.facebook.com\/glasundbeschlag.de\/\" \/>\n<meta property=\"article:modified_time\" content=\"2024-07-03T07:58:14+00:00\" \/>\n<meta property=\"og:image\" content=\"https:\/\/www.glasundbeschlag.de\/beratung\/wp-content\/uploads\/call-andre-medwide.jpg.png\" \/>\n<meta name=\"twitter:card\" content=\"summary_large_image\" \/>\n<meta name=\"twitter:title\" content=\"Material der Glasbeschl\u00e4ge\" \/>\n<meta name=\"twitter:description\" content=\"Material der Glasbeschl\u00e4geSchnell-Check: So erkennen Sie einen Qualit\u00e4tsbeschlag f\u00fcr Glasbei Glasschl\u00f6ssern ist der Schlosseinsatz aus ...\" \/>\n<meta name=\"twitter:label1\" content=\"Gesch\u00e4tzte Lesezeit\" \/>\n\t<meta name=\"twitter:data1\" content=\"5\u00a0Minuten\" \/>\n<script type=\"application\/ld+json\" class=\"yoast-schema-graph\">{\"@context\":\"https:\\\/\\\/schema.org\",\"@graph\":[{\"@type\":\"WebPage\",\"@id\":\"https:\\\/\\\/www.glasundbeschlag.de\\\/beratung\\\/material-der-glasbeschlaege\\\/\",\"url\":\"https:\\\/\\\/www.glasundbeschlag.de\\\/beratung\\\/material-der-glasbeschlaege\\\/\",\"name\":\"Material der Glasbeschl\u00e4ge - Beratung und Informationen zu Glas und Beschlagstechnik\",\"isPartOf\":{\"@id\":\"https:\\\/\\\/www.glasundbeschlag.de\\\/beratung\\\/#website\"},\"primaryImageOfPage\":{\"@id\":\"https:\\\/\\\/www.glasundbeschlag.de\\\/beratung\\\/material-der-glasbeschlaege\\\/#primaryimage\"},\"image\":{\"@id\":\"https:\\\/\\\/www.glasundbeschlag.de\\\/beratung\\\/material-der-glasbeschlaege\\\/#primaryimage\"},\"thumbnailUrl\":\"https:\\\/\\\/www.glasundbeschlag.de\\\/beratung\\\/wp-content\\\/uploads\\\/call-andre-medwide.jpg.png\",\"datePublished\":\"2024-02-19T12:08:47+00:00\",\"dateModified\":\"2024-07-03T07:58:14+00:00\",\"description\":\"Material der Glasbeschl\u00e4geSchnell-Check: So erkennen Sie einen Qualit\u00e4tsbeschlag f\u00fcr Glasbei Glasschl\u00f6ssern ist der Schlosseinsatz aus ...\",\"breadcrumb\":{\"@id\":\"https:\\\/\\\/www.glasundbeschlag.de\\\/beratung\\\/material-der-glasbeschlaege\\\/#breadcrumb\"},\"inLanguage\":\"de\",\"potentialAction\":[{\"@type\":\"ReadAction\",\"target\":[\"https:\\\/\\\/www.glasundbeschlag.de\\\/beratung\\\/material-der-glasbeschlaege\\\/\"]}]},{\"@type\":\"ImageObject\",\"inLanguage\":\"de\",\"@id\":\"https:\\\/\\\/www.glasundbeschlag.de\\\/beratung\\\/material-der-glasbeschlaege\\\/#primaryimage\",\"url\":\"https:\\\/\\\/www.glasundbeschlag.de\\\/beratung\\\/wp-content\\\/uploads\\\/call-andre-medwide.jpg.png\",\"contentUrl\":\"https:\\\/\\\/www.glasundbeschlag.de\\\/beratung\\\/wp-content\\\/uploads\\\/call-andre-medwide.jpg.png\",\"width\":1012,\"height\":149},{\"@type\":\"BreadcrumbList\",\"@id\":\"https:\\\/\\\/www.glasundbeschlag.de\\\/beratung\\\/material-der-glasbeschlaege\\\/#breadcrumb\",\"itemListElement\":[{\"@type\":\"ListItem\",\"position\":1,\"name\":\"Home\",\"item\":\"https:\\\/\\\/www.glasundbeschlag.de\\\/beratung\\\/\"},{\"@type\":\"ListItem\",\"position\":2,\"name\":\"Material der Glasbeschl\u00e4ge\"}]},{\"@type\":\"WebSite\",\"@id\":\"https:\\\/\\\/www.glasundbeschlag.de\\\/beratung\\\/#website\",\"url\":\"https:\\\/\\\/www.glasundbeschlag.de\\\/beratung\\\/\",\"name\":\"Beratung und Informationen zu Glas und Beschlagstechnik\",\"description\":\"\",\"publisher\":{\"@id\":\"https:\\\/\\\/www.glasundbeschlag.de\\\/beratung\\\/#organization\"},\"potentialAction\":[{\"@type\":\"SearchAction\",\"target\":{\"@type\":\"EntryPoint\",\"urlTemplate\":\"https:\\\/\\\/www.glasundbeschlag.de\\\/beratung\\\/?s={search_term_string}\"},\"query-input\":{\"@type\":\"PropertyValueSpecification\",\"valueRequired\":true,\"valueName\":\"search_term_string\"}}],\"inLanguage\":\"de\"},{\"@type\":\"Organization\",\"@id\":\"https:\\\/\\\/www.glasundbeschlag.de\\\/beratung\\\/#organization\",\"name\":\"GLASundBESCHLAG.de GmbH\",\"url\":\"https:\\\/\\\/www.glasundbeschlag.de\\\/beratung\\\/\",\"logo\":{\"@type\":\"ImageObject\",\"inLanguage\":\"de\",\"@id\":\"https:\\\/\\\/www.glasundbeschlag.de\\\/beratung\\\/#\\\/schema\\\/logo\\\/image\\\/\",\"url\":\"https:\\\/\\\/www.glasundbeschlag.de\\\/beratung\\\/wp-content\\\/uploads\\\/gub-logo.png\",\"contentUrl\":\"https:\\\/\\\/www.glasundbeschlag.de\\\/beratung\\\/wp-content\\\/uploads\\\/gub-logo.png\",\"width\":640,\"height\":360,\"caption\":\"GLASundBESCHLAG.de GmbH\"},\"image\":{\"@id\":\"https:\\\/\\\/www.glasundbeschlag.de\\\/beratung\\\/#\\\/schema\\\/logo\\\/image\\\/\"},\"sameAs\":[\"https:\\\/\\\/www.facebook.com\\\/glasundbeschlag.de\\\/\",\"https:\\\/\\\/www.instagram.com\\\/glasundbeschlag.de\\\/\"]}]}<\/script>\n<!-- \/ Yoast SEO plugin. -->","yoast_head_json":{"title":"Material der Glasbeschl\u00e4ge - Beratung und Informationen zu Glas und Beschlagstechnik","description":"Material der Glasbeschl\u00e4geSchnell-Check: So erkennen Sie einen Qualit\u00e4tsbeschlag f\u00fcr Glasbei Glasschl\u00f6ssern ist der Schlosseinsatz aus ...","robots":{"index":"index","follow":"follow","max-snippet":"max-snippet:-1","max-image-preview":"max-image-preview:large","max-video-preview":"max-video-preview:-1"},"canonical":"https:\/\/www.glasundbeschlag.de\/beratung\/material-der-glasbeschlaege\/","og_locale":"de_DE","og_type":"article","og_title":"Material der Glasbeschl\u00e4ge","og_description":"Material der Glasbeschl\u00e4geSchnell-Check: So erkennen Sie einen Qualit\u00e4tsbeschlag f\u00fcr Glasbei Glasschl\u00f6ssern ist der Schlosseinsatz aus ...","og_url":"https:\/\/www.glasundbeschlag.de\/beratung\/material-der-glasbeschlaege\/","og_site_name":"Beratung und Informationen zu Glas und Beschlagstechnik","article_publisher":"https:\/\/www.facebook.com\/glasundbeschlag.de\/","article_modified_time":"2024-07-03T07:58:14+00:00","og_image":[{"url":"https:\/\/www.glasundbeschlag.de\/beratung\/wp-content\/uploads\/call-andre-medwide.jpg.png","type":"","width":"","height":""}],"twitter_card":"summary_large_image","twitter_title":"Material der Glasbeschl\u00e4ge","twitter_description":"Material der Glasbeschl\u00e4geSchnell-Check: So erkennen Sie einen Qualit\u00e4tsbeschlag f\u00fcr Glasbei Glasschl\u00f6ssern ist der Schlosseinsatz aus ...","twitter_misc":{"Gesch\u00e4tzte Lesezeit":"5\u00a0Minuten"},"schema":{"@context":"https:\/\/schema.org","@graph":[{"@type":"WebPage","@id":"https:\/\/www.glasundbeschlag.de\/beratung\/material-der-glasbeschlaege\/","url":"https:\/\/www.glasundbeschlag.de\/beratung\/material-der-glasbeschlaege\/","name":"Material der Glasbeschl\u00e4ge - Beratung und Informationen zu Glas und Beschlagstechnik","isPartOf":{"@id":"https:\/\/www.glasundbeschlag.de\/beratung\/#website"},"primaryImageOfPage":{"@id":"https:\/\/www.glasundbeschlag.de\/beratung\/material-der-glasbeschlaege\/#primaryimage"},"image":{"@id":"https:\/\/www.glasundbeschlag.de\/beratung\/material-der-glasbeschlaege\/#primaryimage"},"thumbnailUrl":"https:\/\/www.glasundbeschlag.de\/beratung\/wp-content\/uploads\/call-andre-medwide.jpg.png","datePublished":"2024-02-19T12:08:47+00:00","dateModified":"2024-07-03T07:58:14+00:00","description":"Material der Glasbeschl\u00e4geSchnell-Check: So erkennen Sie einen Qualit\u00e4tsbeschlag f\u00fcr Glasbei Glasschl\u00f6ssern ist der Schlosseinsatz aus ...","breadcrumb":{"@id":"https:\/\/www.glasundbeschlag.de\/beratung\/material-der-glasbeschlaege\/#breadcrumb"},"inLanguage":"de","potentialAction":[{"@type":"ReadAction","target":["https:\/\/www.glasundbeschlag.de\/beratung\/material-der-glasbeschlaege\/"]}]},{"@type":"ImageObject","inLanguage":"de","@id":"https:\/\/www.glasundbeschlag.de\/beratung\/material-der-glasbeschlaege\/#primaryimage","url":"https:\/\/www.glasundbeschlag.de\/beratung\/wp-content\/uploads\/call-andre-medwide.jpg.png","contentUrl":"https:\/\/www.glasundbeschlag.de\/beratung\/wp-content\/uploads\/call-andre-medwide.jpg.png","width":1012,"height":149},{"@type":"BreadcrumbList","@id":"https:\/\/www.glasundbeschlag.de\/beratung\/material-der-glasbeschlaege\/#breadcrumb","itemListElement":[{"@type":"ListItem","position":1,"name":"Home","item":"https:\/\/www.glasundbeschlag.de\/beratung\/"},{"@type":"ListItem","position":2,"name":"Material der Glasbeschl\u00e4ge"}]},{"@type":"WebSite","@id":"https:\/\/www.glasundbeschlag.de\/beratung\/#website","url":"https:\/\/www.glasundbeschlag.de\/beratung\/","name":"Beratung und Informationen zu Glas und Beschlagstechnik","description":"","publisher":{"@id":"https:\/\/www.glasundbeschlag.de\/beratung\/#organization"},"potentialAction":[{"@type":"SearchAction","target":{"@type":"EntryPoint","urlTemplate":"https:\/\/www.glasundbeschlag.de\/beratung\/?s={search_term_string}"},"query-input":{"@type":"PropertyValueSpecification","valueRequired":true,"valueName":"search_term_string"}}],"inLanguage":"de"},{"@type":"Organization","@id":"https:\/\/www.glasundbeschlag.de\/beratung\/#organization","name":"GLASundBESCHLAG.de GmbH","url":"https:\/\/www.glasundbeschlag.de\/beratung\/","logo":{"@type":"ImageObject","inLanguage":"de","@id":"https:\/\/www.glasundbeschlag.de\/beratung\/#\/schema\/logo\/image\/","url":"https:\/\/www.glasundbeschlag.de\/beratung\/wp-content\/uploads\/gub-logo.png","contentUrl":"https:\/\/www.glasundbeschlag.de\/beratung\/wp-content\/uploads\/gub-logo.png","width":640,"height":360,"caption":"GLASundBESCHLAG.de GmbH"},"image":{"@id":"https:\/\/www.glasundbeschlag.de\/beratung\/#\/schema\/logo\/image\/"},"sameAs":["https:\/\/www.facebook.com\/glasundbeschlag.de\/","https:\/\/www.instagram.com\/glasundbeschlag.de\/"]}]}},"_links":{"self":[{"href":"https:\/\/www.glasundbeschlag.de\/beratung\/wp-json\/wp\/v2\/pages\/13954","targetHints":{"allow":["GET"]}}],"collection":[{"href":"https:\/\/www.glasundbeschlag.de\/beratung\/wp-json\/wp\/v2\/pages"}],"about":[{"href":"https:\/\/www.glasundbeschlag.de\/beratung\/wp-json\/wp\/v2\/types\/page"}],"author":[{"embeddable":true,"href":"https:\/\/www.glasundbeschlag.de\/beratung\/wp-json\/wp\/v2\/users\/1"}],"replies":[{"embeddable":true,"href":"https:\/\/www.glasundbeschlag.de\/beratung\/wp-json\/wp\/v2\/comments?post=13954"}],"version-history":[{"count":10,"href":"https:\/\/www.glasundbeschlag.de\/beratung\/wp-json\/wp\/v2\/pages\/13954\/revisions"}],"predecessor-version":[{"id":70427,"href":"https:\/\/www.glasundbeschlag.de\/beratung\/wp-json\/wp\/v2\/pages\/13954\/revisions\/70427"}],"wp:attachment":[{"href":"https:\/\/www.glasundbeschlag.de\/beratung\/wp-json\/wp\/v2\/media?parent=13954"}],"curies":[{"name":"wp","href":"https:\/\/api.w.org\/{rel}","templated":true}]}}