{"id":193,"date":"2023-12-20T11:48:10","date_gmt":"2023-12-20T10:48:10","guid":{"rendered":"https:\/\/blog.glasundbeschlag.de\/?page_id=193"},"modified":"2024-03-08T13:28:28","modified_gmt":"2024-03-08T12:28:28","slug":"kontaktieren-sie-uns","status":"publish","type":"page","link":"https:\/\/www.glasundbeschlag.de\/beratung\/kontaktieren-sie-uns\/","title":{"rendered":"Allgemeine Anfragen \/ Kontaktanfrage"},"content":{"rendered":"<p>Bei Unklarheiten, allgemeinen Fragen, Anregungen und fehlenden technischen Informationen k\u00f6nnen Sie mit uns \u00fcber folgendes Formular in Kontakt treten. F\u00fcr eine schnellere Abwicklung sind spezielle Produktanfragen \u00fcber die daf\u00fcr vorgesehene Formulare m\u00f6glich.<\/p>\n<p>Haben Sie Interesse, Montagepartner f\u00fcr unsere Produkte zu werden? Dann kontaktieren Sie uns \u00fcber dieses Formular.<\/p>\n\n<div class=\"wpcf7 no-js\" id=\"wpcf7-f192-o1\" lang=\"de-DE\" dir=\"ltr\" data-wpcf7-id=\"192\">\n<div class=\"screen-reader-response\"><p role=\"status\" aria-live=\"polite\" aria-atomic=\"true\"><\/p> <ul><\/ul><\/div>\n<form action=\"\/beratung\/wp-json\/wp\/v2\/pages\/193#wpcf7-f192-o1\" method=\"post\" class=\"wpcf7-form init\" aria-label=\"Kontaktformular\" enctype=\"multipart\/form-data\" novalidate=\"novalidate\" data-status=\"init\">\n<fieldset class=\"hidden-fields-container\"><input type=\"hidden\" name=\"_wpcf7\" value=\"192\" \/><input type=\"hidden\" name=\"_wpcf7_version\" value=\"6.1.5\" \/><input type=\"hidden\" name=\"_wpcf7_locale\" value=\"de_DE\" \/><input type=\"hidden\" name=\"_wpcf7_unit_tag\" value=\"wpcf7-f192-o1\" \/><input type=\"hidden\" name=\"_wpcf7_container_post\" value=\"0\" \/><input type=\"hidden\" name=\"_wpcf7_posted_data_hash\" value=\"\" \/><input type=\"hidden\" name=\"_wpcf7cf_hidden_group_fields\" value=\"[]\" \/><input type=\"hidden\" name=\"_wpcf7cf_hidden_groups\" value=\"[]\" \/><input type=\"hidden\" name=\"_wpcf7cf_visible_groups\" value=\"[]\" \/><input type=\"hidden\" name=\"_wpcf7cf_repeaters\" value=\"[]\" \/><input type=\"hidden\" name=\"_wpcf7cf_steps\" value=\"{}\" \/><input type=\"hidden\" name=\"_wpcf7cf_options\" value=\"{&quot;form_id&quot;:192,&quot;conditions&quot;:[],&quot;settings&quot;:{&quot;animation&quot;:&quot;yes&quot;,&quot;animation_intime&quot;:200,&quot;animation_outtime&quot;:200,&quot;conditions_ui&quot;:&quot;normal&quot;,&quot;notice_dismissed&quot;:false,&quot;notice_dismissed_rollback-cf7-5.8.6&quot;:true,&quot;notice_dismissed_rollback-cf7-5.8.7&quot;:true}}\" \/>\n<\/fieldset>\n<p><label>Name<br \/>\n<span class=\"wpcf7-form-control-wrap\" data-name=\"your-name\"><input size=\"40\" maxlength=\"400\" class=\"wpcf7-form-control wpcf7-text wpcf7-validates-as-required\" autocomplete=\"name\" aria-required=\"true\" aria-invalid=\"false\" value=\"\" type=\"text\" name=\"your-name\" \/><\/span> <\/label>\n<\/p>\n<p><label>E-Mail<br \/>\n<span class=\"wpcf7-form-control-wrap\" data-name=\"your-email\"><input size=\"40\" maxlength=\"400\" class=\"wpcf7-form-control wpcf7-email wpcf7-validates-as-required wpcf7-text wpcf7-validates-as-email\" autocomplete=\"email\" aria-required=\"true\" aria-invalid=\"false\" value=\"\" type=\"email\" name=\"your-email\" \/><\/span> <\/label>\n<\/p>\n<p><label> Telefon<br \/>\n<span class=\"wpcf7-form-control-wrap\" data-name=\"telefon\"><input size=\"40\" maxlength=\"400\" class=\"wpcf7-form-control wpcf7-tel wpcf7-validates-as-required wpcf7-text wpcf7-validates-as-tel\" aria-required=\"true\" aria-invalid=\"false\" value=\"\" type=\"tel\" name=\"telefon\" \/><\/span><\/label>\n<\/p>\n<p><label>Nachricht<br \/>\n<span class=\"wpcf7-form-control-wrap\" data-name=\"your-message\"><textarea cols=\"40\" rows=\"10\" maxlength=\"2000\" class=\"wpcf7-form-control wpcf7-textarea\" aria-invalid=\"false\" name=\"your-message\"><\/textarea><\/span> <\/label>\n<\/p>\n<p><label>Datei upload (max. 2 MB nur jpg, png und pdf)<br \/>\n<span class=\"wpcf7-form-control-wrap\" data-name=\"file-548\"><input size=\"40\" class=\"wpcf7-form-control wpcf7-file\" accept=\".jpg,.png,.jpeg,.pdf\" aria-invalid=\"false\" type=\"file\" name=\"file-548\" \/><\/span><br \/>\n<\/label>\n<\/p>\n<p><input class=\"wpcf7-form-control wpcf7-submit has-spinner\" type=\"submit\" value=\"Senden\" \/>\n<\/p>\n<p>Dieses Formular verwendet Akismet, um Spam zu reduzieren. <a target=\"_blank\" rel=\"nofollow noopener\" href=\"https:\/\/akismet.com\/privacy\/\">Erfahre, wie deine Daten verarbeitet werden.<\/a>\n<\/p><p style=\"display: none !important;\" class=\"akismet-fields-container\" data-prefix=\"_wpcf7_ak_\"><label>&#916;<textarea name=\"_wpcf7_ak_hp_textarea\" cols=\"45\" rows=\"8\" maxlength=\"100\"><\/textarea><\/label><input type=\"hidden\" id=\"ak_js_1\" name=\"_wpcf7_ak_js\" value=\"60\"\/><script>document.getElementById( \"ak_js_1\" ).setAttribute( \"value\", ( new Date() ).getTime() );<\/script><\/p><div class=\"wpcf7-response-output\" aria-hidden=\"true\"><\/div>\n<\/form>\n<\/div>\n\n","protected":false},"excerpt":{"rendered":"<p>Bei Unklarheiten, allgemeinen Fragen, Anregungen und fehlenden technischen Informationen k\u00f6nnen Sie mit uns \u00fcber folgendes Formular in Kontakt treten. F\u00fcr [&hellip;]<\/p>\n","protected":false},"author":1,"featured_media":0,"parent":0,"menu_order":0,"comment_status":"closed","ping_status":"closed","template":"","meta":{"site-sidebar-layout":"default","site-content-layout":"","ast-site-content-layout":"normal-width-container","site-content-style":"default","site-sidebar-style":"default","ast-global-header-display":"","ast-banner-title-visibility":"","ast-main-header-display":"","ast-hfb-above-header-display":"","ast-hfb-below-header-display":"","ast-hfb-mobile-header-display":"","site-post-title":"","ast-breadcrumbs-content":"","ast-featured-img":"disabled","footer-sml-layout":"","theme-transparent-header-meta":"default","adv-header-id-meta":"","stick-header-meta":"","header-above-stick-meta":"","header-main-stick-meta":"","header-below-stick-meta":"","astra-migrate-meta-layouts":"set","ast-page-background-enabled":"default","ast-page-background-meta":{"desktop":{"background-color":"var(--ast-global-color-4)","background-image":"","background-repeat":"repeat","background-position":"center center","background-size":"auto","background-attachment":"scroll","background-type":"","background-media":"","overlay-type":"","overlay-color":"","overlay-opacity":"","overlay-gradient":""},"tablet":{"background-color":"","background-image":"","background-repeat":"repeat","background-position":"center center","background-size":"auto","background-attachment":"scroll","background-type":"","background-media":"","overlay-type":"","overlay-color":"","overlay-opacity":"","overlay-gradient":""},"mobile":{"background-color":"","background-image":"","background-repeat":"repeat","background-position":"center center","background-size":"auto","background-attachment":"scroll","background-type":"","background-media":"","overlay-type":"","overlay-color":"","overlay-opacity":"","overlay-gradient":""}},"ast-content-background-meta":{"desktop":{"background-color":"var(--ast-global-color-5)","background-image":"","background-repeat":"repeat","background-position":"center center","background-size":"auto","background-attachment":"scroll","background-type":"","background-media":"","overlay-type":"","overlay-color":"","overlay-opacity":"","overlay-gradient":""},"tablet":{"background-color":"var(--ast-global-color-5)","background-image":"","background-repeat":"repeat","background-position":"center center","background-size":"auto","background-attachment":"scroll","background-type":"","background-media":"","overlay-type":"","overlay-color":"","overlay-opacity":"","overlay-gradient":""},"mobile":{"background-color":"var(--ast-global-color-5)","background-image":"","background-repeat":"repeat","background-position":"center center","background-size":"auto","background-attachment":"scroll","background-type":"","background-media":"","overlay-type":"","overlay-color":"","overlay-opacity":"","overlay-gradient":""}},"footnotes":""},"class_list":["post-193","page","type-page","status-publish","hentry"],"yoast_head":"<!-- This site is optimized with the Yoast SEO plugin v27.3 - https:\/\/yoast.com\/product\/yoast-seo-wordpress\/ -->\n<title>Allgemeine Anfragen \/ Kontaktanfrage - Beratung und Informationen zu Glas und Beschlagstechnik<\/title>\n<meta name=\"description\" content=\"Bei Unklarheiten, allgemeinen Fragen, Anregungen und fehlenden technischen Informationen k\u00f6nnen Sie mit uns \u00fcber folgendes Formular...\" \/>\n<meta name=\"robots\" content=\"index, follow, max-snippet:-1, max-image-preview:large, max-video-preview:-1\" \/>\n<link rel=\"canonical\" href=\"https:\/\/www.glasundbeschlag.de\/beratung\/kontaktieren-sie-uns\/\" \/>\n<meta property=\"og:locale\" content=\"de_DE\" \/>\n<meta property=\"og:type\" content=\"article\" \/>\n<meta property=\"og:title\" content=\"Allgemeine Anfragen \/ Kontaktanfrage - Beratung und Informationen zu Glas und Beschlagstechnik\" \/>\n<meta property=\"og:description\" content=\"Bei Unklarheiten, allgemeinen Fragen, Anregungen und fehlenden technischen Informationen k\u00f6nnen Sie mit uns \u00fcber folgendes Formular...\" \/>\n<meta property=\"og:url\" content=\"https:\/\/www.glasundbeschlag.de\/beratung\/kontaktieren-sie-uns\/\" \/>\n<meta property=\"og:site_name\" content=\"Beratung und Informationen zu Glas und Beschlagstechnik\" \/>\n<meta property=\"article:publisher\" content=\"https:\/\/www.facebook.com\/glasundbeschlag.de\/\" \/>\n<meta property=\"article:modified_time\" content=\"2024-03-08T12:28:28+00:00\" \/>\n<meta name=\"twitter:card\" content=\"summary_large_image\" \/>\n<meta name=\"twitter:label1\" content=\"Gesch\u00e4tzte Lesezeit\" \/>\n\t<meta name=\"twitter:data1\" content=\"1\u00a0Minute\" \/>\n<script type=\"application\/ld+json\" class=\"yoast-schema-graph\">{\"@context\":\"https:\\\/\\\/schema.org\",\"@graph\":[{\"@type\":\"WebPage\",\"@id\":\"https:\\\/\\\/www.glasundbeschlag.de\\\/beratung\\\/kontaktieren-sie-uns\\\/\",\"url\":\"https:\\\/\\\/www.glasundbeschlag.de\\\/beratung\\\/kontaktieren-sie-uns\\\/\",\"name\":\"Allgemeine Anfragen \\\/ Kontaktanfrage - Beratung und Informationen zu Glas und Beschlagstechnik\",\"isPartOf\":{\"@id\":\"https:\\\/\\\/www.glasundbeschlag.de\\\/beratung\\\/#website\"},\"datePublished\":\"2023-12-20T10:48:10+00:00\",\"dateModified\":\"2024-03-08T12:28:28+00:00\",\"description\":\"Bei Unklarheiten, allgemeinen Fragen, Anregungen und fehlenden technischen Informationen k\u00f6nnen Sie mit uns \u00fcber folgendes Formular...\",\"breadcrumb\":{\"@id\":\"https:\\\/\\\/www.glasundbeschlag.de\\\/beratung\\\/kontaktieren-sie-uns\\\/#breadcrumb\"},\"inLanguage\":\"de\",\"potentialAction\":[{\"@type\":\"ReadAction\",\"target\":[\"https:\\\/\\\/www.glasundbeschlag.de\\\/beratung\\\/kontaktieren-sie-uns\\\/\"]}]},{\"@type\":\"BreadcrumbList\",\"@id\":\"https:\\\/\\\/www.glasundbeschlag.de\\\/beratung\\\/kontaktieren-sie-uns\\\/#breadcrumb\",\"itemListElement\":[{\"@type\":\"ListItem\",\"position\":1,\"name\":\"Home\",\"item\":\"https:\\\/\\\/www.glasundbeschlag.de\\\/beratung\\\/\"},{\"@type\":\"ListItem\",\"position\":2,\"name\":\"Allgemeine Anfragen \\\/ Kontaktanfrage\"}]},{\"@type\":\"WebSite\",\"@id\":\"https:\\\/\\\/www.glasundbeschlag.de\\\/beratung\\\/#website\",\"url\":\"https:\\\/\\\/www.glasundbeschlag.de\\\/beratung\\\/\",\"name\":\"Beratung und Informationen zu Glas und Beschlagstechnik\",\"description\":\"\",\"publisher\":{\"@id\":\"https:\\\/\\\/www.glasundbeschlag.de\\\/beratung\\\/#organization\"},\"potentialAction\":[{\"@type\":\"SearchAction\",\"target\":{\"@type\":\"EntryPoint\",\"urlTemplate\":\"https:\\\/\\\/www.glasundbeschlag.de\\\/beratung\\\/?s={search_term_string}\"},\"query-input\":{\"@type\":\"PropertyValueSpecification\",\"valueRequired\":true,\"valueName\":\"search_term_string\"}}],\"inLanguage\":\"de\"},{\"@type\":\"Organization\",\"@id\":\"https:\\\/\\\/www.glasundbeschlag.de\\\/beratung\\\/#organization\",\"name\":\"GLASundBESCHLAG.de GmbH\",\"url\":\"https:\\\/\\\/www.glasundbeschlag.de\\\/beratung\\\/\",\"logo\":{\"@type\":\"ImageObject\",\"inLanguage\":\"de\",\"@id\":\"https:\\\/\\\/www.glasundbeschlag.de\\\/beratung\\\/#\\\/schema\\\/logo\\\/image\\\/\",\"url\":\"https:\\\/\\\/www.glasundbeschlag.de\\\/beratung\\\/wp-content\\\/uploads\\\/gub-logo.png\",\"contentUrl\":\"https:\\\/\\\/www.glasundbeschlag.de\\\/beratung\\\/wp-content\\\/uploads\\\/gub-logo.png\",\"width\":640,\"height\":360,\"caption\":\"GLASundBESCHLAG.de GmbH\"},\"image\":{\"@id\":\"https:\\\/\\\/www.glasundbeschlag.de\\\/beratung\\\/#\\\/schema\\\/logo\\\/image\\\/\"},\"sameAs\":[\"https:\\\/\\\/www.facebook.com\\\/glasundbeschlag.de\\\/\",\"https:\\\/\\\/www.instagram.com\\\/glasundbeschlag.de\\\/\"]}]}<\/script>\n<!-- \/ Yoast SEO plugin. -->","yoast_head_json":{"title":"Allgemeine Anfragen \/ Kontaktanfrage - Beratung und Informationen zu Glas und Beschlagstechnik","description":"Bei Unklarheiten, allgemeinen Fragen, Anregungen und fehlenden technischen Informationen k\u00f6nnen Sie mit uns \u00fcber folgendes Formular...","robots":{"index":"index","follow":"follow","max-snippet":"max-snippet:-1","max-image-preview":"max-image-preview:large","max-video-preview":"max-video-preview:-1"},"canonical":"https:\/\/www.glasundbeschlag.de\/beratung\/kontaktieren-sie-uns\/","og_locale":"de_DE","og_type":"article","og_title":"Allgemeine Anfragen \/ Kontaktanfrage - Beratung und Informationen zu Glas und Beschlagstechnik","og_description":"Bei Unklarheiten, allgemeinen Fragen, Anregungen und fehlenden technischen Informationen k\u00f6nnen Sie mit uns \u00fcber folgendes Formular...","og_url":"https:\/\/www.glasundbeschlag.de\/beratung\/kontaktieren-sie-uns\/","og_site_name":"Beratung und Informationen zu Glas und Beschlagstechnik","article_publisher":"https:\/\/www.facebook.com\/glasundbeschlag.de\/","article_modified_time":"2024-03-08T12:28:28+00:00","twitter_card":"summary_large_image","twitter_misc":{"Gesch\u00e4tzte Lesezeit":"1\u00a0Minute"},"schema":{"@context":"https:\/\/schema.org","@graph":[{"@type":"WebPage","@id":"https:\/\/www.glasundbeschlag.de\/beratung\/kontaktieren-sie-uns\/","url":"https:\/\/www.glasundbeschlag.de\/beratung\/kontaktieren-sie-uns\/","name":"Allgemeine Anfragen \/ Kontaktanfrage - Beratung und Informationen zu Glas und Beschlagstechnik","isPartOf":{"@id":"https:\/\/www.glasundbeschlag.de\/beratung\/#website"},"datePublished":"2023-12-20T10:48:10+00:00","dateModified":"2024-03-08T12:28:28+00:00","description":"Bei Unklarheiten, allgemeinen Fragen, Anregungen und fehlenden technischen Informationen k\u00f6nnen Sie mit uns \u00fcber folgendes Formular...","breadcrumb":{"@id":"https:\/\/www.glasundbeschlag.de\/beratung\/kontaktieren-sie-uns\/#breadcrumb"},"inLanguage":"de","potentialAction":[{"@type":"ReadAction","target":["https:\/\/www.glasundbeschlag.de\/beratung\/kontaktieren-sie-uns\/"]}]},{"@type":"BreadcrumbList","@id":"https:\/\/www.glasundbeschlag.de\/beratung\/kontaktieren-sie-uns\/#breadcrumb","itemListElement":[{"@type":"ListItem","position":1,"name":"Home","item":"https:\/\/www.glasundbeschlag.de\/beratung\/"},{"@type":"ListItem","position":2,"name":"Allgemeine Anfragen \/ Kontaktanfrage"}]},{"@type":"WebSite","@id":"https:\/\/www.glasundbeschlag.de\/beratung\/#website","url":"https:\/\/www.glasundbeschlag.de\/beratung\/","name":"Beratung und Informationen zu Glas und Beschlagstechnik","description":"","publisher":{"@id":"https:\/\/www.glasundbeschlag.de\/beratung\/#organization"},"potentialAction":[{"@type":"SearchAction","target":{"@type":"EntryPoint","urlTemplate":"https:\/\/www.glasundbeschlag.de\/beratung\/?s={search_term_string}"},"query-input":{"@type":"PropertyValueSpecification","valueRequired":true,"valueName":"search_term_string"}}],"inLanguage":"de"},{"@type":"Organization","@id":"https:\/\/www.glasundbeschlag.de\/beratung\/#organization","name":"GLASundBESCHLAG.de GmbH","url":"https:\/\/www.glasundbeschlag.de\/beratung\/","logo":{"@type":"ImageObject","inLanguage":"de","@id":"https:\/\/www.glasundbeschlag.de\/beratung\/#\/schema\/logo\/image\/","url":"https:\/\/www.glasundbeschlag.de\/beratung\/wp-content\/uploads\/gub-logo.png","contentUrl":"https:\/\/www.glasundbeschlag.de\/beratung\/wp-content\/uploads\/gub-logo.png","width":640,"height":360,"caption":"GLASundBESCHLAG.de GmbH"},"image":{"@id":"https:\/\/www.glasundbeschlag.de\/beratung\/#\/schema\/logo\/image\/"},"sameAs":["https:\/\/www.facebook.com\/glasundbeschlag.de\/","https:\/\/www.instagram.com\/glasundbeschlag.de\/"]}]}},"_links":{"self":[{"href":"https:\/\/www.glasundbeschlag.de\/beratung\/wp-json\/wp\/v2\/pages\/193","targetHints":{"allow":["GET"]}}],"collection":[{"href":"https:\/\/www.glasundbeschlag.de\/beratung\/wp-json\/wp\/v2\/pages"}],"about":[{"href":"https:\/\/www.glasundbeschlag.de\/beratung\/wp-json\/wp\/v2\/types\/page"}],"author":[{"embeddable":true,"href":"https:\/\/www.glasundbeschlag.de\/beratung\/wp-json\/wp\/v2\/users\/1"}],"replies":[{"embeddable":true,"href":"https:\/\/www.glasundbeschlag.de\/beratung\/wp-json\/wp\/v2\/comments?post=193"}],"version-history":[{"count":3,"href":"https:\/\/www.glasundbeschlag.de\/beratung\/wp-json\/wp\/v2\/pages\/193\/revisions"}],"predecessor-version":[{"id":46524,"href":"https:\/\/www.glasundbeschlag.de\/beratung\/wp-json\/wp\/v2\/pages\/193\/revisions\/46524"}],"wp:attachment":[{"href":"https:\/\/www.glasundbeschlag.de\/beratung\/wp-json\/wp\/v2\/media?parent=193"}],"curies":[{"name":"wp","href":"https:\/\/api.w.org\/{rel}","templated":true}]}}