{"id":29622,"date":"2024-02-20T09:35:14","date_gmt":"2024-02-20T08:35:14","guid":{"rendered":"https:\/\/blog.glasundbeschlag.de\/?page_id=29622"},"modified":"2024-02-20T09:36:55","modified_gmt":"2024-02-20T08:36:55","slug":"bildergalerie-begehbares-glas","status":"publish","type":"page","link":"https:\/\/www.glasundbeschlag.de\/beratung\/bildergalerie-begehbares-glas\/","title":{"rendered":"Bildergalerie: Begehbares Glas"},"content":{"rendered":"\t\t<div data-elementor-type=\"wp-page\" data-elementor-id=\"29622\" class=\"elementor elementor-29622\">\n\t\t\t\t<div class=\"elementor-element elementor-element-427e75c e-flex e-con-boxed e-con e-parent\" data-id=\"427e75c\" data-element_type=\"container\" data-e-type=\"container\">\n\t\t\t\t\t<div class=\"e-con-inner\">\n\t\t<div class=\"elementor-element elementor-element-6143cb4 e-con-full e-flex e-con e-child\" data-id=\"6143cb4\" data-element_type=\"container\" data-e-type=\"container\">\n\t\t\t\t<div class=\"elementor-element elementor-element-a1e18c7 elementor-widget elementor-widget-image\" data-id=\"a1e18c7\" data-element_type=\"widget\" data-e-type=\"widget\" data-widget_type=\"image.default\">\n\t\t\t\t<div class=\"elementor-widget-container\">\n\t\t\t\t\t\t\t\t\t\t\t\t\t\t\t<img fetchpriority=\"high\" decoding=\"async\" width=\"275\" height=\"275\" src=\"https:\/\/www.glasundbeschlag.de\/beratung\/wp-content\/uploads\/begehbares-glas.png\" class=\"attachment-large size-large wp-image-29523\" alt=\"\" srcset=\"https:\/\/www.glasundbeschlag.de\/beratung\/wp-content\/uploads\/begehbares-glas.png 275w, https:\/\/www.glasundbeschlag.de\/beratung\/wp-content\/uploads\/begehbares-glas-150x150.png 150w\" sizes=\"(max-width: 275px) 100vw, 275px\" \/>\t\t\t\t\t\t\t\t\t\t\t\t\t\t\t<\/div>\n\t\t\t\t<\/div>\n\t\t\t\t<\/div>\n\t\t<div class=\"elementor-element elementor-element-6274968 e-con-full e-flex e-con e-child\" data-id=\"6274968\" data-element_type=\"container\" data-e-type=\"container\">\n\t\t\t\t<div class=\"elementor-element elementor-element-3d186e7 elementor-widget elementor-widget-text-editor\" data-id=\"3d186e7\" data-element_type=\"widget\" data-e-type=\"widget\" data-widget_type=\"text-editor.default\">\n\t\t\t\t<div class=\"elementor-widget-container\">\n\t\t\t\t\t\t\t\t\t<div class=\"page-title category-title category-image\"><h1>Begehbares Glas: Robust und rutschfest<\/h1><h2>Begehbares Verbundsicherheitsglas mit Isolierverglasung\u00a0<\/h2><\/div><p class=\"teaser std\">Begehbares Glas ist faszinierend und zugleich f\u00fcr manch einen respekteinfl\u00f6ssend. Mit einer solchen Glasausf\u00fchrung m\u00f6chte man R\u00e4ume sichtbar miteinander verbinden, ohne dabei eine nicht begehbare Barriere zu schaffen. Dabei unterliegt begehbares Glas unterschiedlichsten Anforderungen, je nach Nutzungsintensit\u00e4t. Dabei muss es ausreichend Last aufnehmen, gut im Bauwerk verankert\/befestigt werden. Dar\u00fcber hinaus sollte es, je nach Nutzung, zus\u00e4tzlich rutschhemmend sein. Trauen Sie sich &#8211; Glas kann mehr als man manchmal meinen vermag. Es ist tragf\u00e4hig und robust zugleich. Nutzen Sie die baulichen M\u00f6glichkeiten.<\/p>\t\t\t\t\t\t\t\t<\/div>\n\t\t\t\t<\/div>\n\t\t\t\t<\/div>\n\t\t\t\t\t<\/div>\n\t\t\t\t<\/div>\n\t\t\t\t<\/div>\n\t\t","protected":false},"excerpt":{"rendered":"<p>Begehbares Glas: Robust und rutschfest Begehbares Verbundsicherheitsglas mit Isolierverglasung\u00a0 Begehbares Glas ist faszinierend und zugleich f\u00fcr manch einen respekteinfl\u00f6ssend. Mit [&hellip;]<\/p>\n","protected":false},"author":1,"featured_media":0,"parent":0,"menu_order":0,"comment_status":"closed","ping_status":"closed","template":"","meta":{"site-sidebar-layout":"no-sidebar","site-content-layout":"","ast-site-content-layout":"full-width-container","site-content-style":"default","site-sidebar-style":"default","ast-global-header-display":"","ast-banner-title-visibility":"","ast-main-header-display":"","ast-hfb-above-header-display":"","ast-hfb-below-header-display":"","ast-hfb-mobile-header-display":"","site-post-title":"disabled","ast-breadcrumbs-content":"","ast-featured-img":"disabled","footer-sml-layout":"","theme-transparent-header-meta":"default","adv-header-id-meta":"","stick-header-meta":"","header-above-stick-meta":"","header-main-stick-meta":"","header-below-stick-meta":"","astra-migrate-meta-layouts":"set","ast-page-background-enabled":"default","ast-page-background-meta":{"desktop":{"background-color":"var(--ast-global-color-4)","background-image":"","background-repeat":"repeat","background-position":"center center","background-size":"auto","background-attachment":"scroll","background-type":"","background-media":"","overlay-type":"","overlay-color":"","overlay-opacity":"","overlay-gradient":""},"tablet":{"background-color":"","background-image":"","background-repeat":"repeat","background-position":"center center","background-size":"auto","background-attachment":"scroll","background-type":"","background-media":"","overlay-type":"","overlay-color":"","overlay-opacity":"","overlay-gradient":""},"mobile":{"background-color":"","background-image":"","background-repeat":"repeat","background-position":"center center","background-size":"auto","background-attachment":"scroll","background-type":"","background-media":"","overlay-type":"","overlay-color":"","overlay-opacity":"","overlay-gradient":""}},"ast-content-background-meta":{"desktop":{"background-color":"var(--ast-global-color-5)","background-image":"","background-repeat":"repeat","background-position":"center center","background-size":"auto","background-attachment":"scroll","background-type":"","background-media":"","overlay-type":"","overlay-color":"","overlay-opacity":"","overlay-gradient":""},"tablet":{"background-color":"var(--ast-global-color-5)","background-image":"","background-repeat":"repeat","background-position":"center center","background-size":"auto","background-attachment":"scroll","background-type":"","background-media":"","overlay-type":"","overlay-color":"","overlay-opacity":"","overlay-gradient":""},"mobile":{"background-color":"var(--ast-global-color-5)","background-image":"","background-repeat":"repeat","background-position":"center center","background-size":"auto","background-attachment":"scroll","background-type":"","background-media":"","overlay-type":"","overlay-color":"","overlay-opacity":"","overlay-gradient":""}},"footnotes":""},"class_list":["post-29622","page","type-page","status-publish","hentry"],"yoast_head":"<!-- This site is optimized with the Yoast SEO plugin v27.5 - https:\/\/yoast.com\/product\/yoast-seo-wordpress\/ -->\n<title>Begehbares Glas aus VSG | glasundbeschlag.de<\/title>\n<meta name=\"description\" content=\"Begehbares Verbundsicherheits-Glas (VSG) \u27a4 Trittfeste Glasplatte - auch mit Isolierverglasung\u2713 M\u00f6glich auch mit Siebdruck f\u00fcr eine rutsch-hemmende Wirkung\u2713\" \/>\n<meta name=\"robots\" content=\"index, follow, max-snippet:-1, max-image-preview:large, max-video-preview:-1\" \/>\n<link rel=\"canonical\" href=\"https:\/\/www.glasundbeschlag.de\/beratung\/bildergalerie-begehbares-glas\/\" \/>\n<meta property=\"og:locale\" content=\"de_DE\" \/>\n<meta property=\"og:type\" content=\"article\" \/>\n<meta property=\"og:title\" content=\"Begehbares Glas aus VSG | glasundbeschlag.de\" \/>\n<meta property=\"og:description\" content=\"Begehbares Verbundsicherheits-Glas (VSG) \u27a4 Trittfeste Glasplatte - auch mit Isolierverglasung\u2713 M\u00f6glich auch mit Siebdruck f\u00fcr eine rutsch-hemmende Wirkung\u2713\" \/>\n<meta property=\"og:url\" content=\"https:\/\/www.glasundbeschlag.de\/beratung\/bildergalerie-begehbares-glas\/\" \/>\n<meta property=\"og:site_name\" content=\"Beratung und Informationen zu Glas und Beschlagstechnik\" \/>\n<meta property=\"article:publisher\" content=\"https:\/\/www.facebook.com\/glasundbeschlag.de\/\" \/>\n<meta property=\"article:modified_time\" content=\"2024-02-20T08:36:55+00:00\" \/>\n<meta property=\"og:image\" content=\"https:\/\/blog.glasundbeschlag.de\/wp-content\/uploads\/begehbares-glas.png\" \/>\n<meta name=\"twitter:card\" content=\"summary_large_image\" \/>\n<meta name=\"twitter:label1\" content=\"Gesch\u00e4tzte Lesezeit\" \/>\n\t<meta name=\"twitter:data1\" content=\"1\u00a0Minute\" \/>\n<script type=\"application\/ld+json\" class=\"yoast-schema-graph\">{\"@context\":\"https:\\\/\\\/schema.org\",\"@graph\":[{\"@type\":\"WebPage\",\"@id\":\"https:\\\/\\\/www.glasundbeschlag.de\\\/beratung\\\/bildergalerie-begehbares-glas\\\/\",\"url\":\"https:\\\/\\\/www.glasundbeschlag.de\\\/beratung\\\/bildergalerie-begehbares-glas\\\/\",\"name\":\"Begehbares Glas aus VSG | glasundbeschlag.de\",\"isPartOf\":{\"@id\":\"https:\\\/\\\/www.glasundbeschlag.de\\\/beratung\\\/#website\"},\"primaryImageOfPage\":{\"@id\":\"https:\\\/\\\/www.glasundbeschlag.de\\\/beratung\\\/bildergalerie-begehbares-glas\\\/#primaryimage\"},\"image\":{\"@id\":\"https:\\\/\\\/www.glasundbeschlag.de\\\/beratung\\\/bildergalerie-begehbares-glas\\\/#primaryimage\"},\"thumbnailUrl\":\"https:\\\/\\\/blog.glasundbeschlag.de\\\/wp-content\\\/uploads\\\/begehbares-glas.png\",\"datePublished\":\"2024-02-20T08:35:14+00:00\",\"dateModified\":\"2024-02-20T08:36:55+00:00\",\"description\":\"Begehbares Verbundsicherheits-Glas (VSG) \u27a4 Trittfeste Glasplatte - auch mit Isolierverglasung\u2713 M\u00f6glich auch mit Siebdruck f\u00fcr eine rutsch-hemmende Wirkung\u2713\",\"breadcrumb\":{\"@id\":\"https:\\\/\\\/www.glasundbeschlag.de\\\/beratung\\\/bildergalerie-begehbares-glas\\\/#breadcrumb\"},\"inLanguage\":\"de\",\"potentialAction\":[{\"@type\":\"ReadAction\",\"target\":[\"https:\\\/\\\/www.glasundbeschlag.de\\\/beratung\\\/bildergalerie-begehbares-glas\\\/\"]}]},{\"@type\":\"ImageObject\",\"inLanguage\":\"de\",\"@id\":\"https:\\\/\\\/www.glasundbeschlag.de\\\/beratung\\\/bildergalerie-begehbares-glas\\\/#primaryimage\",\"url\":\"https:\\\/\\\/blog.glasundbeschlag.de\\\/wp-content\\\/uploads\\\/begehbares-glas.png\",\"contentUrl\":\"https:\\\/\\\/blog.glasundbeschlag.de\\\/wp-content\\\/uploads\\\/begehbares-glas.png\"},{\"@type\":\"BreadcrumbList\",\"@id\":\"https:\\\/\\\/www.glasundbeschlag.de\\\/beratung\\\/bildergalerie-begehbares-glas\\\/#breadcrumb\",\"itemListElement\":[{\"@type\":\"ListItem\",\"position\":1,\"name\":\"Home\",\"item\":\"https:\\\/\\\/www.glasundbeschlag.de\\\/beratung\\\/\"},{\"@type\":\"ListItem\",\"position\":2,\"name\":\"Bildergalerie: Begehbares Glas\"}]},{\"@type\":\"WebSite\",\"@id\":\"https:\\\/\\\/www.glasundbeschlag.de\\\/beratung\\\/#website\",\"url\":\"https:\\\/\\\/www.glasundbeschlag.de\\\/beratung\\\/\",\"name\":\"Beratung und Informationen zu Glas und Beschlagstechnik\",\"description\":\"\",\"publisher\":{\"@id\":\"https:\\\/\\\/www.glasundbeschlag.de\\\/beratung\\\/#organization\"},\"potentialAction\":[{\"@type\":\"SearchAction\",\"target\":{\"@type\":\"EntryPoint\",\"urlTemplate\":\"https:\\\/\\\/www.glasundbeschlag.de\\\/beratung\\\/?s={search_term_string}\"},\"query-input\":{\"@type\":\"PropertyValueSpecification\",\"valueRequired\":true,\"valueName\":\"search_term_string\"}}],\"inLanguage\":\"de\"},{\"@type\":\"Organization\",\"@id\":\"https:\\\/\\\/www.glasundbeschlag.de\\\/beratung\\\/#organization\",\"name\":\"GLASundBESCHLAG.de GmbH\",\"url\":\"https:\\\/\\\/www.glasundbeschlag.de\\\/beratung\\\/\",\"logo\":{\"@type\":\"ImageObject\",\"inLanguage\":\"de\",\"@id\":\"https:\\\/\\\/www.glasundbeschlag.de\\\/beratung\\\/#\\\/schema\\\/logo\\\/image\\\/\",\"url\":\"https:\\\/\\\/www.glasundbeschlag.de\\\/beratung\\\/wp-content\\\/uploads\\\/gub-logo.png\",\"contentUrl\":\"https:\\\/\\\/www.glasundbeschlag.de\\\/beratung\\\/wp-content\\\/uploads\\\/gub-logo.png\",\"width\":640,\"height\":360,\"caption\":\"GLASundBESCHLAG.de GmbH\"},\"image\":{\"@id\":\"https:\\\/\\\/www.glasundbeschlag.de\\\/beratung\\\/#\\\/schema\\\/logo\\\/image\\\/\"},\"sameAs\":[\"https:\\\/\\\/www.facebook.com\\\/glasundbeschlag.de\\\/\",\"https:\\\/\\\/www.instagram.com\\\/glasundbeschlag.de\\\/\"]}]}<\/script>\n<!-- \/ Yoast SEO plugin. -->","yoast_head_json":{"title":"Begehbares Glas aus VSG | glasundbeschlag.de","description":"Begehbares Verbundsicherheits-Glas (VSG) \u27a4 Trittfeste Glasplatte - auch mit Isolierverglasung\u2713 M\u00f6glich auch mit Siebdruck f\u00fcr eine rutsch-hemmende Wirkung\u2713","robots":{"index":"index","follow":"follow","max-snippet":"max-snippet:-1","max-image-preview":"max-image-preview:large","max-video-preview":"max-video-preview:-1"},"canonical":"https:\/\/www.glasundbeschlag.de\/beratung\/bildergalerie-begehbares-glas\/","og_locale":"de_DE","og_type":"article","og_title":"Begehbares Glas aus VSG | glasundbeschlag.de","og_description":"Begehbares Verbundsicherheits-Glas (VSG) \u27a4 Trittfeste Glasplatte - auch mit Isolierverglasung\u2713 M\u00f6glich auch mit Siebdruck f\u00fcr eine rutsch-hemmende Wirkung\u2713","og_url":"https:\/\/www.glasundbeschlag.de\/beratung\/bildergalerie-begehbares-glas\/","og_site_name":"Beratung und Informationen zu Glas und Beschlagstechnik","article_publisher":"https:\/\/www.facebook.com\/glasundbeschlag.de\/","article_modified_time":"2024-02-20T08:36:55+00:00","og_image":[{"url":"https:\/\/blog.glasundbeschlag.de\/wp-content\/uploads\/begehbares-glas.png","type":"","width":"","height":""}],"twitter_card":"summary_large_image","twitter_misc":{"Gesch\u00e4tzte Lesezeit":"1\u00a0Minute"},"schema":{"@context":"https:\/\/schema.org","@graph":[{"@type":"WebPage","@id":"https:\/\/www.glasundbeschlag.de\/beratung\/bildergalerie-begehbares-glas\/","url":"https:\/\/www.glasundbeschlag.de\/beratung\/bildergalerie-begehbares-glas\/","name":"Begehbares Glas aus VSG | glasundbeschlag.de","isPartOf":{"@id":"https:\/\/www.glasundbeschlag.de\/beratung\/#website"},"primaryImageOfPage":{"@id":"https:\/\/www.glasundbeschlag.de\/beratung\/bildergalerie-begehbares-glas\/#primaryimage"},"image":{"@id":"https:\/\/www.glasundbeschlag.de\/beratung\/bildergalerie-begehbares-glas\/#primaryimage"},"thumbnailUrl":"https:\/\/blog.glasundbeschlag.de\/wp-content\/uploads\/begehbares-glas.png","datePublished":"2024-02-20T08:35:14+00:00","dateModified":"2024-02-20T08:36:55+00:00","description":"Begehbares Verbundsicherheits-Glas (VSG) \u27a4 Trittfeste Glasplatte - auch mit Isolierverglasung\u2713 M\u00f6glich auch mit Siebdruck f\u00fcr eine rutsch-hemmende Wirkung\u2713","breadcrumb":{"@id":"https:\/\/www.glasundbeschlag.de\/beratung\/bildergalerie-begehbares-glas\/#breadcrumb"},"inLanguage":"de","potentialAction":[{"@type":"ReadAction","target":["https:\/\/www.glasundbeschlag.de\/beratung\/bildergalerie-begehbares-glas\/"]}]},{"@type":"ImageObject","inLanguage":"de","@id":"https:\/\/www.glasundbeschlag.de\/beratung\/bildergalerie-begehbares-glas\/#primaryimage","url":"https:\/\/blog.glasundbeschlag.de\/wp-content\/uploads\/begehbares-glas.png","contentUrl":"https:\/\/blog.glasundbeschlag.de\/wp-content\/uploads\/begehbares-glas.png"},{"@type":"BreadcrumbList","@id":"https:\/\/www.glasundbeschlag.de\/beratung\/bildergalerie-begehbares-glas\/#breadcrumb","itemListElement":[{"@type":"ListItem","position":1,"name":"Home","item":"https:\/\/www.glasundbeschlag.de\/beratung\/"},{"@type":"ListItem","position":2,"name":"Bildergalerie: Begehbares Glas"}]},{"@type":"WebSite","@id":"https:\/\/www.glasundbeschlag.de\/beratung\/#website","url":"https:\/\/www.glasundbeschlag.de\/beratung\/","name":"Beratung und Informationen zu Glas und Beschlagstechnik","description":"","publisher":{"@id":"https:\/\/www.glasundbeschlag.de\/beratung\/#organization"},"potentialAction":[{"@type":"SearchAction","target":{"@type":"EntryPoint","urlTemplate":"https:\/\/www.glasundbeschlag.de\/beratung\/?s={search_term_string}"},"query-input":{"@type":"PropertyValueSpecification","valueRequired":true,"valueName":"search_term_string"}}],"inLanguage":"de"},{"@type":"Organization","@id":"https:\/\/www.glasundbeschlag.de\/beratung\/#organization","name":"GLASundBESCHLAG.de GmbH","url":"https:\/\/www.glasundbeschlag.de\/beratung\/","logo":{"@type":"ImageObject","inLanguage":"de","@id":"https:\/\/www.glasundbeschlag.de\/beratung\/#\/schema\/logo\/image\/","url":"https:\/\/www.glasundbeschlag.de\/beratung\/wp-content\/uploads\/gub-logo.png","contentUrl":"https:\/\/www.glasundbeschlag.de\/beratung\/wp-content\/uploads\/gub-logo.png","width":640,"height":360,"caption":"GLASundBESCHLAG.de GmbH"},"image":{"@id":"https:\/\/www.glasundbeschlag.de\/beratung\/#\/schema\/logo\/image\/"},"sameAs":["https:\/\/www.facebook.com\/glasundbeschlag.de\/","https:\/\/www.instagram.com\/glasundbeschlag.de\/"]}]}},"_links":{"self":[{"href":"https:\/\/www.glasundbeschlag.de\/beratung\/wp-json\/wp\/v2\/pages\/29622","targetHints":{"allow":["GET"]}}],"collection":[{"href":"https:\/\/www.glasundbeschlag.de\/beratung\/wp-json\/wp\/v2\/pages"}],"about":[{"href":"https:\/\/www.glasundbeschlag.de\/beratung\/wp-json\/wp\/v2\/types\/page"}],"author":[{"embeddable":true,"href":"https:\/\/www.glasundbeschlag.de\/beratung\/wp-json\/wp\/v2\/users\/1"}],"replies":[{"embeddable":true,"href":"https:\/\/www.glasundbeschlag.de\/beratung\/wp-json\/wp\/v2\/comments?post=29622"}],"version-history":[{"count":4,"href":"https:\/\/www.glasundbeschlag.de\/beratung\/wp-json\/wp\/v2\/pages\/29622\/revisions"}],"predecessor-version":[{"id":29626,"href":"https:\/\/www.glasundbeschlag.de\/beratung\/wp-json\/wp\/v2\/pages\/29622\/revisions\/29626"}],"wp:attachment":[{"href":"https:\/\/www.glasundbeschlag.de\/beratung\/wp-json\/wp\/v2\/media?parent=29622"}],"curies":[{"name":"wp","href":"https:\/\/api.w.org\/{rel}","templated":true}]}}